{"id":85,"date":"2018-05-31T05:20:15","date_gmt":"2018-05-31T03:20:15","guid":{"rendered":"https:\/\/alraune.bnb-infosec.com\/?page_id=85"},"modified":"2025-06-26T11:00:35","modified_gmt":"2025-06-26T09:00:35","slug":"unser-tierhaus","status":"publish","type":"page","link":"https:\/\/alraune-hamburg.de\/index.php\/projekte\/unser-tierhaus\/","title":{"rendered":"Das Tierhaus auf Hof Bullerb\u00fc"},"content":{"rendered":"<p style=\"text-align: justify;\">Mit unserem Tierhaus erm\u00f6glichen wir Kindern den Umgang mit Tieren. Sie k\u00f6nnen sie und ihre Lebensgewohnheiten aus der N\u00e4he kennenlernen und dabei ihre \u00c4ngste \u00fcberwinden.<\/p>\n<p style=\"text-align: justify;\">Im Tierhaus lebt eine Vielzahl an Tierarten: Graupapageien, Amazonen, Agaporniden, Wellensittiche und Nymphensittiche, Zebrafinken, Schild-, Sing- und K\u00f6nigsittiche, Kanarienv\u00f6gel, Wachteln, H\u00fchner, Ziegen, Schafe, Ponys, Kaninchen, Meerschweinchen, Degus, Schildkr\u00f6ten, Bartagamen, Taggeckos, Skalare, Gelbbuntbarsche,\u00a0 Schnecken, Krallenfr\u00f6sche und ein Korallenfingerfrosch. Au\u00dferdem Futterinsekten wie Heimchen oder Zoophobas.<\/p>\n<p><img loading=\"lazy\" decoding=\"async\" class=\"alignleft wp-image-96 size-full\" src=\"https:\/\/alraune-hamburg.de\/wp-content\/uploads\/2018\/05\/TiereBanner.png\" alt=\"\" width=\"2110\" height=\"384\" srcset=\"https:\/\/alraune-hamburg.de\/wp-content\/uploads\/2018\/05\/TiereBanner.png 2110w, https:\/\/alraune-hamburg.de\/wp-content\/uploads\/2018\/05\/TiereBanner-300x55.png 300w, https:\/\/alraune-hamburg.de\/wp-content\/uploads\/2018\/05\/TiereBanner-768x140.png 768w, https:\/\/alraune-hamburg.de\/wp-content\/uploads\/2018\/05\/TiereBanner-1024x186.png 1024w, https:\/\/alraune-hamburg.de\/wp-content\/uploads\/2018\/05\/TiereBanner-150x27.png 150w\" sizes=\"auto, (max-width: 2110px) 100vw, 2110px\" \/><\/p>\n<p>Auf der Instragram-Seite von Hof Bullerb\u00fc findet ihr regelm\u00e4\u00dfig Informationen \u00fcber die Bewohner des Tierhauses: <a href=\"https:\/\/www.instagram.com\/hofbullerbue\/\">www.instagram.com\/hofbullerbue<\/a><\/p>\n<p><strong>Kinder, Familien &amp; erwachsene Tierfreunde k\u00f6nnen w\u00e4hrend der Besuchszeiten unangemeldet vorbeikommen und<\/strong><\/p>\n<ul>\n<li>die Tiere anschauen<\/li>\n<li>bei der Pflege der Tiere zusehen &amp; manchmal auch helfen<\/li>\n<li>etwas \u00fcber die Tiere lernen<\/li>\n<\/ul>\n<p style=\"text-align: justify;\"><strong>Nachhaltiger Tierschutz <\/strong>beinhaltet nicht nur, Tiere vorbildlich zu halten, sondern bedeutet vielmehr, die Erwachsenen von morgen entsprechend zu bilden und pr\u00e4gen. Kinder sind die Erwachsenen von morgen, also sollten wir alle weiterhin unser Bestes geben, ihnen nicht nur Tiere, deren Bed\u00fcrfnisse, Empfindungsleben und Lebensweisen n\u00e4herzubringen. Das Tierhaus auf Hof Bullerb\u00fc vermittelt Kindern und Jugendlichen auf unmittelbare und indirekte Weise Empathie und einen respektvollen Umgang mit anderen Mensch aller Altersklassen wie auch unserer Erde.<\/p>\n<p style=\"text-align: justify;\">Je mehr\u00a0unserer Kinder\u00a0verstehen, dass Tiere ebenfalls f\u00fchlen und\u00a0Bed\u00fcrfnisse hegen und alle Menschen so gut behandelt werden m\u00f6chten wie man selbst, desto mehr Erwachsene wird es geben, die unsere Gesellschaft und\u00a0damit unsere\u00a0Welt zu einem\u00a0lebenswerteren Platz machen.<\/p>\n<p><strong>Unser Angebot<\/strong><\/p>\n<p><strong>An\u00a0alle gro\u00dfen und kleinen Menschen:<\/strong><\/p>\n<ul>\n<li>Tierpatenschaften: Kinder und erwachsene Tierfreunde<br \/>k\u00f6nnen Pate f\u00fcr ein Tier werden<\/li>\n<\/ul>\n<p><strong>F\u00fcr Schulen, andere Einrichtungen und Gruppen:<\/strong><\/p>\n<ul>\n<li>Schulklassen, Kindergruppen etc. sind uns herzlich willkommen.<\/li>\n<li>Von Schule bis Pflegeheim, ob gro\u00df oder klein, f\u00fcr Unterrichtszwecke oder einfach so!<\/li>\n<li>Nach Voranmeldung bieten wir gerne F\u00fchrungen an und freuen uns im Gegenzug \u00fcber eine Spende.<\/li>\n<\/ul>\n<h1><span style=\"font-size: 14pt;\">\u00d6ffnungszeiten <br \/><\/span><\/h1>\n<table style=\"border-collapse: collapse; width: 100%;\" border=\"1\">\n<tbody>\n<tr>\n<td style=\"width: 50%;\"><img loading=\"lazy\" decoding=\"async\" class=\"alignleft wp-image-104 size-full\" src=\"https:\/\/alraune-hamburg.de\/wp-content\/uploads\/2018\/05\/meerschweinchen.jpg\" alt=\"\" width=\"115\" height=\"139\" \/><\/td>\n<td style=\"width: 50%;\">\n<p><span style=\"font-size: 10pt;\"><span style=\"font-size: 10pt;\"><span style=\"font-size: 10pt;\"><strong>Dienstag &#8211; Sonntag<br \/><\/strong>10.00 &#8211; 19.00 Uhr <br \/><\/span><\/span><\/span>Auch Gruppen, Schulen und Kinderg\u00e4rten <br \/>d\u00fcrfen das Tierhaus ohne Anmeldung besuchen. <\/p>\n<p>F\u00fchrungen k\u00f6nnen wir nur nach Anmeldung im Vorfeld anbieten (Kontakt siehe unten).<\/p>\n<p><span style=\"font-size: 10pt;\"><span style=\"font-size: 10pt;\"><strong>An Feiertagen geschlossen!<br \/><\/strong><\/span><\/span><\/p>\n<\/td>\n<\/tr>\n<\/tbody>\n<\/table>\n<p><span style=\"font-size: 10pt;\">\u00a0<\/span><\/p>\n<p><strong><span style=\"font-size: 14pt;\">Kontakt<br \/><\/span><\/strong><\/p>\n<p><strong>Voranmeldung Gruppen | Anfragen Praktikum &amp; Girl\u00b4s &amp; Boy\u00b4s Day\u00a0<\/strong>\u00a0\u00a0\u00a0\u00a0\u00a0\u00a0\u00a0\u00a0\u00a0\u00a0\u00a0\u00a0\u00a0\u00a0\u00a0\u00a0\u00a0\u00a0\u00a0\u00a0\u00a0\u00a0\u00a0\u00a0 \u00a0\u00a0\u00a0\u00a0\u00a0\u00a0\u00a0\u00a0\u00a0\u00a0\u00a0\u00a0\u00a0\u00a0\u00a0\u00a0\u00a0\u00a0\u00a0\u00a0\u00a0\u00a0\u00a0\u00a0\u00a0\u00a0\u00a0\u00a0\u00a0\u00a0\u00a0\u00a0\u00a0<\/p>\n<p>Frederike Hecker<br \/><strong>Tel<\/strong>: 040 8550 5472<br \/><strong>E-Mail:<\/strong> <a href=\"mailto:f.hecker@alraune-hamburg.de\">f.hecker@alraune-hamburg.de<\/a><\/p>\n<p><strong>Leitung Tierhaus<\/strong><\/p>\n<p>Elke Rivas<br \/><strong>Tel:<\/strong> 0157 583 918 46<br \/><strong>E-Mail:<\/strong> <a>tierhaus@alraune-hamburg.de<\/a><\/p>\n<p>Alraune gGmbH<br \/>Tierhaus Steilshoop<br \/>Fritz-Flinte-Ring 41 c\/d<br \/>22309 Hamburg<\/p>\n\n\n\n","protected":false},"excerpt":{"rendered":"<p>Mit unserem Tierhaus erm\u00f6glichen wir Kindern den Umgang mit Tieren. Sie k\u00f6nnen sie und ihre Lebensgewohnheiten aus der N\u00e4he kennenlernen und dabei ihre \u00c4ngste \u00fcberwinden. Im Tierhaus lebt eine Vielzahl an Tierarten: Graupapageien, Amazonen, Agaporniden, Wellensittiche und Nymphensittiche, Zebrafinken, Schild-, Sing- und K\u00f6nigsittiche, Kanarienv\u00f6gel, Wachteln, H\u00fchner, Ziegen, Schafe, Ponys, Kaninchen,\u2026<\/p>\n<p> <a class=\"continue-reading-link\" href=\"https:\/\/alraune-hamburg.de\/index.php\/projekte\/unser-tierhaus\/\"><span>Continue reading<\/span><i class=\"crycon-right-dir\"><\/i><\/a> <\/p>\n","protected":false},"author":1,"featured_media":0,"parent":70,"menu_order":0,"comment_status":"closed","ping_status":"closed","template":"","meta":{"footnotes":""},"class_list":["post-85","page","type-page","status-publish","hentry"],"_links":{"self":[{"href":"https:\/\/alraune-hamburg.de\/index.php\/wp-json\/wp\/v2\/pages\/85","targetHints":{"allow":["GET"]}}],"collection":[{"href":"https:\/\/alraune-hamburg.de\/index.php\/wp-json\/wp\/v2\/pages"}],"about":[{"href":"https:\/\/alraune-hamburg.de\/index.php\/wp-json\/wp\/v2\/types\/page"}],"author":[{"embeddable":true,"href":"https:\/\/alraune-hamburg.de\/index.php\/wp-json\/wp\/v2\/users\/1"}],"replies":[{"embeddable":true,"href":"https:\/\/alraune-hamburg.de\/index.php\/wp-json\/wp\/v2\/comments?post=85"}],"version-history":[{"count":36,"href":"https:\/\/alraune-hamburg.de\/index.php\/wp-json\/wp\/v2\/pages\/85\/revisions"}],"predecessor-version":[{"id":3187,"href":"https:\/\/alraune-hamburg.de\/index.php\/wp-json\/wp\/v2\/pages\/85\/revisions\/3187"}],"up":[{"embeddable":true,"href":"https:\/\/alraune-hamburg.de\/index.php\/wp-json\/wp\/v2\/pages\/70"}],"wp:attachment":[{"href":"https:\/\/alraune-hamburg.de\/index.php\/wp-json\/wp\/v2\/media?parent=85"}],"curies":[{"name":"wp","href":"https:\/\/api.w.org\/{rel}","templated":true}]}}