{"id":74,"date":"2018-05-31T05:12:35","date_gmt":"2018-05-31T03:12:35","guid":{"rendered":"https:\/\/alraune.bnb-infosec.com\/?page_id=74"},"modified":"2026-05-11T15:37:57","modified_gmt":"2026-05-11T13:37:57","slug":"das-cafe","status":"publish","type":"page","link":"https:\/\/alraune-hamburg.de\/index.php\/projekte\/das-cafe\/","title":{"rendered":"Das Caf\u00e9"},"content":{"rendered":"<p style=\"text-align: justify;\">In unserem Caf\u00e9 kommen alle G\u00e4ste auf ihre Kosten. Die Kleinsten k\u00f6nnen sich in der Spielecke vergn\u00fcgen, w\u00e4hrend die Eltern sich eine unserer Kaffee-K\u00f6stlichkeiten mit oder ohne Kuchen munden lassen. Gem\u00fctliche Kl\u00f6nschnacks lassen sich hervorragend bei einem Fr\u00fchst\u00fcck zelebrieren oder Sie kommen auf ein Mittagessen vorbei, je nach Geschmack mit Fleisch oder vegetarisch.<\/p>\n<p style=\"text-align: justify;\">Eine kleine Abendkarte rundet das Angebot ab, so kann der Tag in Ruhe ausklingen!<\/p>\n<p><img loading=\"lazy\" decoding=\"async\" class=\"alignnone wp-image-75\" src=\"https:\/\/alraune.bnb-infosec.com\/wp-content\/uploads\/2018\/05\/gerichte-300x100.jpg\" alt=\"\" width=\"519\" height=\"173\" srcset=\"https:\/\/alraune-hamburg.de\/wp-content\/uploads\/2018\/05\/gerichte-300x100.jpg 300w, https:\/\/alraune-hamburg.de\/wp-content\/uploads\/2018\/05\/gerichte-150x50.jpg 150w, https:\/\/alraune-hamburg.de\/wp-content\/uploads\/2018\/05\/gerichte.jpg 600w\" sizes=\"auto, (max-width: 519px) 100vw, 519px\" \/><\/p>\n<p style=\"text-align: justify;\">Im Sommer bietet Ihnen\u00a0unser Garten vor dem Caf\u00e9\u00a0die Gelegenheit, sich eine kurze Auszeit zu g\u00f6nnen und\u00a0dem Steilshooper Treiben zuzuschauen.<\/p>\n<p>Unseren <strong>Mittagstisch<\/strong> servieren wir von montags bis samstags 11.30 bis 14.30 Uhr. Wir freuen uns, nun auch hier den <strong>aktuellen Speiseplan<\/strong> anbieten zu k\u00f6nnen.<\/p>\n<p><img loading=\"lazy\" decoding=\"async\" class=\"aligncenter wp-image-3524 size-full\" src=\"https:\/\/alraune-hamburg.de\/wp-content\/uploads\/2026\/05\/1.png\" alt=\"\" width=\"561\" height=\"794\" srcset=\"https:\/\/alraune-hamburg.de\/wp-content\/uploads\/2026\/05\/1.png 561w, https:\/\/alraune-hamburg.de\/wp-content\/uploads\/2026\/05\/1-212x300.png 212w, https:\/\/alraune-hamburg.de\/wp-content\/uploads\/2026\/05\/1-106x150.png 106w\" sizes=\"auto, (max-width: 561px) 100vw, 561px\" \/><\/p>\n<p><img loading=\"lazy\" decoding=\"async\" class=\"aligncenter wp-image-3533 size-full\" src=\"https:\/\/alraune-hamburg.de\/wp-content\/uploads\/2026\/05\/1-2.png\" alt=\"\" width=\"561\" height=\"794\" srcset=\"https:\/\/alraune-hamburg.de\/wp-content\/uploads\/2026\/05\/1-2.png 561w, https:\/\/alraune-hamburg.de\/wp-content\/uploads\/2026\/05\/1-2-212x300.png 212w, https:\/\/alraune-hamburg.de\/wp-content\/uploads\/2026\/05\/1-2-106x150.png 106w\" sizes=\"auto, (max-width: 561px) 100vw, 561px\" \/><\/p>\n<div  class=\"lgc-column lgc-grid-parent lgc-grid-50 lgc-tablet-grid-50 lgc-mobile-grid-100 lgc-equal-heights \"><div  class=\"inside-grid-column\">\n<h4><span style=\"font-size: 14pt;\">Kontakt<\/span><\/h4>\n<p>Alraune gGmbH<br \/>\nDas Caf\u00e9 Steilshoop<br \/>\nSchreyerring 27<br \/>\n22309 Hamburg<br \/>\nE-Mail: <a href=\"mailto:info@alraune-hamburg.de\">info@alraune-hamburg.de<\/a><\/p>\n<p>\u00d6ffnungszeiten:<br \/>\nMontag bis Freitag\u00a08.30 \u2013 20.00 Uhr<br \/>\nSamstag 9.00 \u2013 16.00 Uhr<br \/>\n<\/p><\/div><\/div>\n<div  class=\"lgc-column lgc-grid-parent lgc-grid-50 lgc-tablet-grid-50 lgc-mobile-grid-100 lgc-equal-heights \"><div  class=\"inside-grid-column\">\n<h4><span style=\"font-size: 14pt;\">Ansprechpartner<\/span><\/h4>\n<p>Helmut Dittmann<br \/>\nTel.: 040 \/ 63 200 432<br \/>\nFax: 040 \/ 63 200 436<br \/>\nE-Mail: <a href=\"mailto:m.erichsen@alraune-hamburg.de\">h.dittmann@alraune-hamburg.de<\/a><\/p>\n<p><\/p><\/div><\/div><div class=\"lgc-clear\"><\/div>\n<h4><span style=\"font-size: 14pt;\">Anfahrt<\/span><\/h4>\n<p>Von Barmbek mit dem Bus 7 und vom R\u00fcbenkamp mit den Bussen 118 oder M26 bis Haltestelle Einkaufszentrum-Steilshoop.<\/p>\n","protected":false},"excerpt":{"rendered":"<p>In unserem Caf\u00e9 kommen alle G\u00e4ste auf ihre Kosten. Die Kleinsten k\u00f6nnen sich in der Spielecke vergn\u00fcgen, w\u00e4hrend die Eltern sich eine unserer Kaffee-K\u00f6stlichkeiten mit oder ohne Kuchen munden lassen. Gem\u00fctliche Kl\u00f6nschnacks lassen sich hervorragend bei einem Fr\u00fchst\u00fcck zelebrieren oder Sie kommen auf ein Mittagessen vorbei, je nach Geschmack mit\u2026<\/p>\n<p> <a class=\"continue-reading-link\" href=\"https:\/\/alraune-hamburg.de\/index.php\/projekte\/das-cafe\/\"><span>Continue reading<\/span><i class=\"crycon-right-dir\"><\/i><\/a> <\/p>\n","protected":false},"author":1,"featured_media":0,"parent":70,"menu_order":0,"comment_status":"closed","ping_status":"closed","template":"","meta":{"footnotes":""},"class_list":["post-74","page","type-page","status-publish","hentry"],"_links":{"self":[{"href":"https:\/\/alraune-hamburg.de\/index.php\/wp-json\/wp\/v2\/pages\/74","targetHints":{"allow":["GET"]}}],"collection":[{"href":"https:\/\/alraune-hamburg.de\/index.php\/wp-json\/wp\/v2\/pages"}],"about":[{"href":"https:\/\/alraune-hamburg.de\/index.php\/wp-json\/wp\/v2\/types\/page"}],"author":[{"embeddable":true,"href":"https:\/\/alraune-hamburg.de\/index.php\/wp-json\/wp\/v2\/users\/1"}],"replies":[{"embeddable":true,"href":"https:\/\/alraune-hamburg.de\/index.php\/wp-json\/wp\/v2\/comments?post=74"}],"version-history":[{"count":39,"href":"https:\/\/alraune-hamburg.de\/index.php\/wp-json\/wp\/v2\/pages\/74\/revisions"}],"predecessor-version":[{"id":3535,"href":"https:\/\/alraune-hamburg.de\/index.php\/wp-json\/wp\/v2\/pages\/74\/revisions\/3535"}],"up":[{"embeddable":true,"href":"https:\/\/alraune-hamburg.de\/index.php\/wp-json\/wp\/v2\/pages\/70"}],"wp:attachment":[{"href":"https:\/\/alraune-hamburg.de\/index.php\/wp-json\/wp\/v2\/media?parent=74"}],"curies":[{"name":"wp","href":"https:\/\/api.w.org\/{rel}","templated":true}]}}