{"id":70,"date":"2018-05-31T05:03:53","date_gmt":"2018-05-31T03:03:53","guid":{"rendered":"https:\/\/alraune.bnb-infosec.com\/?page_id=70"},"modified":"2025-11-21T12:43:37","modified_gmt":"2025-11-21T11:43:37","slug":"projekte","status":"publish","type":"page","link":"https:\/\/alraune-hamburg.de\/index.php\/projekte\/","title":{"rendered":"Projekte"},"content":{"rendered":"<p><img loading=\"lazy\" decoding=\"async\" class=\"alignnone wp-image-2115 size-full\" src=\"https:\/\/alraune-hamburg.de\/wp-content\/uploads\/2023\/03\/headbild-infobetriebe_1.jpg\" alt=\"\" width=\"1003\" height=\"135\" \/><\/p>\n<div  class=\"lgc-column lgc-grid-parent lgc-grid-33 lgc-tablet-grid-50 lgc-mobile-grid-100 lgc-equal-heights \"><div  class=\"inside-grid-column\">\n<h4>Das Caf\u00e9<\/h4>\n<p>Schreyerring 27 &#8211; 22309 Hamburg<\/p>\n<p><strong>Leitung:<\/strong>\u00a0 Daniela Ehmke<\/p>\n<p><span style=\"font-family: 'Source Sans Pro';\">040 . 632 004 31<br \/><\/span><a href=\"mailto:d.ehmke@alraune-hamburg.de\"><span style=\"font-family: 'Source Sans Pro';\">d.ehmke@alraune-hamburg.de<\/span><\/a><\/p>\n<p style=\"text-align: justify;\">Schon seit vielen Jahren ist das Caf\u00e9 ein beliebter Treffpunkt in Steilshoop und bietet allen berechtigten Personen eine kleine, aber feine Karte mit t\u00e4glich wechselndem Mittagstisch, selbst gebackenen Kuchen und Torten und einer kleinen Abendkarte. <a href=\"https:\/\/alraune-hamburg.de\/index.php\/das-cafe\/\"><br \/>[mehr erfahren]<\/a><\/p>\n<p><\/p><\/div><\/div>\n<div  class=\"lgc-column lgc-grid-parent lgc-grid-33 lgc-tablet-grid-50 lgc-mobile-grid-100 lgc-equal-heights \"><div  class=\"inside-grid-column\">\n<h4>Hof Bullerb\u00fc<\/h4>\n<p>Fritz-Flinte-Ring 41 a &#8211; 22309 Hamburg<\/p>\n<p style=\"text-align: justify;\">Am Rande der Hochhaussiedlung Steilshoop haben wir einen besonderen Ort geschaffen &#8211; ein kleines St\u00fcck Schweden in Hamburg. Mit einem Bio-Hofladen und Caf\u00e9, dem Tierhaus und den liebevoll gestalteten Au\u00dfenfl\u00e4chen ist Hof Bullerb\u00fc ganzj\u00e4hrig ein sch\u00f6nes Ausflugsziel f\u00fcr Besucherinnen und Besucher aus ganz Hamburg. In der hofeigenen Kita wachsen 135 Krippen- und Elementarkinder mit Bezug zur Natur und Tieren auf.<\/p>\n<p><\/p><\/div><\/div><div  class=\"lgc-column lgc-grid-parent lgc-grid-33 lgc-tablet-grid-50 lgc-mobile-grid-100 lgc-equal-heights \"><div  class=\"inside-grid-column\">\n<h4>Produktionsschulen<\/h4>\n<p>Eimsb\u00fcttel und Steilshoop<\/p>\n<p style=\"text-align: justify;\">Alraune gGmbH betreibt Produktions- schulen in Hamburg. Der Schwerpunkt der p\u00e4dagogischen Arbeit ist die Verbindung von<strong> Lernen und Arbeiten<\/strong>. Am Lernort im Betrieb werden\u00a0f\u00fcr den realen Markt\u00a0Produke\u00a0gefertigt oder Dienstleistungen erbracht und dabei fachliche, soziale und personale Kompetenzen ausgebildet.<a href=\"https:\/\/alraune-hamburg.de\/index.php\/produktionsschulen\/\"><br \/>[mehr erfahren]<\/a><\/p>\n<p><\/p><\/div><\/div>\n<div  class=\"lgc-column lgc-grid-parent lgc-grid-33 lgc-tablet-grid-50 lgc-mobile-grid-100 lgc-equal-heights \"><div  class=\"inside-grid-column\">\n<h4>Integrationsprojekt Waldd\u00f6rferstra\u00dfe<\/h4>\n<p>Waldd\u00f6rferstra\u00dfe 91 &#8211; 22041 Hamburg<\/p>\n<p><strong>Leitung:<\/strong>\u00a0 Nina Radmehr<br \/><span style=\"font-family: 'Source Sans Pro';\">040 . 520 198 32<br \/><\/span><a href=\"mailto:n.radmehr@alraune-hamburg.de\">n.radmehr@alraune-hamburg.de<\/a><\/p>\n<p style=\"text-align: justify;\">Seit dem Fr\u00fchjahr 2016 hat die Alraune gGmbH am Standort der Folgeeinrichtung Wald\u00add\u00f6r\u00adferstra\u00dfe in Hamburg-Wandsbek ein Integrationsprojekt etabliert. Das Projekt setzt sich aus verschiedenen Angeboten zusammen, die sinnvoll ineinandergrei\u00adfen und sich gegenseitig erg\u00e4nzen.<\/p>\n<p style=\"text-align: justify;\"><a href=\"https:\/\/alraune-hamburg.de\/index.php\/fluechtlingsprojekt-moin\/\">[mehr erfahren]<\/a><\/p>\n<p><\/p><\/div><\/div><span style=\"font-family: 'Source Sans Pro';\"><div  class=\"lgc-column lgc-grid-parent lgc-grid-33 lgc-tablet-grid-50 lgc-mobile-grid-100 lgc-equal-heights \"><div  class=\"inside-grid-column\">\n<h4>Caf\u00e9 tschai.<\/h4>\n<p>Waldd\u00f6rferstra\u00dfe 91 &#8211; 22041 Hamburg<\/p>\n<p style=\"text-align: justify;\"><strong>Leitung:<\/strong>\u00a0 Babette Juppe<br \/>040 . 520 198 93<br \/><a href=\"mailto:b.juppe@alraune-hamburg.de\">b.juppe@alraune-hamburg.de<\/a><\/p>\n<p style=\"text-align: justify;\">Seit Mai 2016 ist das\u00a0<strong>Caf\u00e9 tschai.<\/strong> ein beliebter Treffpunkt f\u00fcr Gefl\u00fcchtete und Nachbarn. Es wird ehrenamtlich betrieben, hat freien Internetzugang und t\u00e4glich zwischen 11 und 18 Uhr ge\u00f6ffnet. Das Caf\u00e9 ist ein ungezwungener Treffpunkt verschiedener Menschen, Kulturen und Sprachen. Das internationale Team kocht und backt wechselnde Gerichte auch aus den Herkunftsl\u00e4ndern.<\/p>\n<p>Die R\u00e4umlichkeiten k\u00f6nnen gemietet werden. Wenden Sie sich daf\u00fcr gerne an:<\/p>\n<p><a href=\"mailto:tschai@alraune-hamburg.de\">tschai@alraune-hamburg.de<\/a><a href=\"https:\/\/alraune-hamburg.de\/index.php\/porjekte-steilshoop\/cafe-tschai\/\"><br \/>[mehr erfahren]<\/a><\/p>\n<p><\/p><\/div><\/div>\n<div  class=\"lgc-column lgc-grid-parent lgc-grid-33 lgc-tablet-grid-50 lgc-mobile-grid-100 lgc-equal-heights \"><div  class=\"inside-grid-column\">\n<h4>Ausbildungszentrum Garten- und Landschaftsbau \/ AZG<\/h4>\n<p>Fabriciusstra\u00dfe 225 &#8211; 22309 Hamburg<\/p>\n<p><strong>Leitung :<\/strong> Monika Kniep<br \/>040 . 180 138 06<br \/><a href=\"mailto:m.kniep@alraune-hamburg.de\">m.kniep@alraune-hamburg.de<\/a><\/p>\n<p style=\"text-align: justify;\">Das Ausbildungszentrum Garten- und Landschaftsbau \/ AZG befindet sich direkt neben dem Hallenbad Bramfeld auf einem Gel\u00e4nde von 13.500 qm. Hier finden Fort- und Weiterbildungskurse, Berufsvorbe-reitungen und Ausbildungen statt. <a href=\"https:\/\/alraune-hamburg.de\/index.php\/ausbildungszentrum-garten-landschaftsbau\/\"><br \/>[mehr erfahren]<\/a><\/p>\n<p><\/p><\/div><\/div><div  class=\"lgc-column lgc-grid-parent lgc-grid-33 lgc-tablet-grid-50 lgc-mobile-grid-100 lgc-equal-heights \"><div  class=\"inside-grid-column\">\n<h4>Kulturtreff JETZT!<\/h4>\n<p>Gr\u00fcndgensstra\u00dfe 22 &#8211; 22309 Hamburg<\/p>\n<p><strong>Leitung:<\/strong>\u00a0 Britta Schnell<br \/><span style=\"font-family: 'Source Sans Pro';\">040 . 63 14 989<br \/><\/span><a href=\"mailto:b.schnell@alraune-hamburg.de\"><span style=\"font-family: 'Source Sans Pro';\">b.schnell@alraune-hamburg.de<\/span><\/a><\/p>\n<p style=\"text-align: justify;\">Im JETZT erhalten Sie ein leckeres und preiswertes Mittagessen, Fr\u00fchst\u00fcck oder Kaffee und Kuchen, genie\u00dfen Sie auch das Veranstaltungsprogramm!<a href=\"https:\/\/alraune-hamburg.de\/index.php\/kulturtreff-jetzt\/\"><br \/>[mehr erfahren]<\/a><\/p>\n<p><\/p><\/div><\/div>\n<div  class=\"lgc-column lgc-grid-parent lgc-grid-33 lgc-tablet-grid-50 lgc-mobile-grid-100 lgc-equal-heights \"><div  class=\"inside-grid-column\">\n<h4>Das Tierhaus<\/h4>\n<p>Fritz-Flinte-Ring 41 a &#8211; 22309 Hamburg<\/p>\n<p><strong>Leitung:\u00a0<\/strong>Elke Jacobsen-Rivas<br \/><a href=\"mailto:tierhaus@alraune-hamburg.de\">tierhaus@alraune-hamburg.de<\/a><\/p>\n<p style=\"text-align: justify;\">Unser Tierhaus auf Hof Bullerb\u00fc beherbergt eine Vielzahl an Tieren &#8211; von Fischen und Schildkr\u00f6ten \u00fcber unterschiedliche V\u00f6gel bis hin zu Schafen, Ziegen und Ponys. Gro\u00dfe und kleine Tierfans k\u00f6nnen hier in Kontakt mit ihnen kommen und viel \u00fcber sie und ihre artgerechte Haltung lernen &#8211; und zwar kostenlos.<br \/><a href=\"https:\/\/alraune-hamburg.de\/index.php\/unser-tierhaus\/\">[mehr erfahren]<\/a><\/p>\n<p><\/p><\/div><\/div><div  class=\"lgc-column lgc-grid-parent lgc-grid-33 lgc-tablet-grid-50 lgc-mobile-grid-100 lgc-equal-heights \"><div  class=\"inside-grid-column\">\n<h4>Dienstleistungszentrum\/<br \/>Fahrradwerkstatt<\/h4>\n<p>Steilshoop<\/p>\n<p style=\"text-align: justify;\">In unserem Dienstleitungszentrum gibt es verschiedene handwerkliche Angebote, die sich an gemeinn\u00fctzige Einrichtungen und Menschen mit kleinem Geldbeutel richten.<a href=\"https:\/\/alraune-hamburg.de\/index.php\/dienstleistungszentrum\/\"><br \/>[mehr erfahren]<\/a><\/p>\n<p><\/p><\/div><\/div>\n<div  class=\"lgc-column lgc-grid-parent lgc-grid-33 lgc-tablet-grid-50 lgc-mobile-grid-100 lgc-equal-heights \"><div  class=\"inside-grid-column\">\n<h4>Tagwerker<\/h4>\n<p>Schreyerring 27 &#8211; 22309 Hamburg<\/p>\n<p style=\"text-align: justify;\"><strong>Projektleitung: <\/strong>Petra Bey<br \/><a href=\"mailto:p.bey@alraune-hamburg.de\">p.bey@alraune-hamburg.de<\/a><\/p>\n<p style=\"text-align: justify;\">Im gr\u00fcnen Stadtteil Steilshoop bieten wir Ihnen, in den verschiedenen Projekten, die M\u00f6glichkeit als Tagwerker zu arbeiten. Sofern Sie sich in SGB II oder Hartz IV-Bezug befinden, gibt es damit die M\u00f6glichkeit Unterst\u00fctzung bei der Integration in den Arbeitsmarkt und einen anrechnungsfreien Zuverdienst zu erhalten. \u00a0 <a href=\"https:\/\/alraune-hamburg.de\/index.php\/tagwerker\/\"><br \/>[mehr erfahren]<\/a><\/p>\n<p><a href=\"https:\/\/alraune-hamburg.de\/wp-content\/uploads\/2025\/03\/ESF_Flyer_faltbar_V3.pdf\">[PDF-Flyer]<\/a><\/p>\n<p><\/p><\/div><\/div>\n<div  class=\"lgc-column lgc-grid-parent lgc-grid-33 lgc-tablet-grid-50 lgc-mobile-grid-100 lgc-equal-heights \"><div  class=\"inside-grid-column\">\n<h4>Eis Bistro Campus Steilshoop<\/h4>\n<p>Gropiusring 43 &#8211; 22309 Hamburg <br \/>040 . 300 98 765<\/p>\n<p><strong>Projektleitung: <\/strong>Daniela Ehmke<br \/><a href=\"mailto:d.ehmke@alraune-hamburg.de\">d.ehmke@alraune-hamburg.de<\/a><\/p>\n<p style=\"text-align: justify;\">Seit Juni 2025 verw\u00f6hnen wir euch in unserem neuen Eis Bistro mit echtem italienischen Eis &#8211; frisch in Hamburg hergestellt von Dante Eis. Ob klassisch in der Waffel oder kreativ im Becher: Bei uns ist f\u00fcr jeden Geschmack etwas dabei!\u00a0<\/p>\n<p><a href=\"https:\/\/sthp.hamburg\/eis-bistro\/\">[mehr erfahren]<\/a><\/p>\n<p><a href=\"https:\/\/alraune-hamburg.de\/wp-content\/uploads\/2025\/07\/Flyer_Eis_Bistro.pdf\">[PDF-Flyer]<\/a><\/p>\n<p><\/p><\/div><\/div>\n<div  class=\"lgc-column lgc-grid-parent lgc-grid-33 lgc-tablet-grid-50 lgc-mobile-grid-100 lgc-equal-heights \"><div  class=\"inside-grid-column\"><\/div><\/div>\n\n","protected":false},"excerpt":{"rendered":"<p> <a class=\"continue-reading-link\" href=\"https:\/\/alraune-hamburg.de\/index.php\/projekte\/\"><span>Continue reading<\/span><i class=\"crycon-right-dir\"><\/i><\/a> <\/p>\n","protected":false},"author":1,"featured_media":0,"parent":0,"menu_order":0,"comment_status":"closed","ping_status":"closed","template":"","meta":{"footnotes":""},"class_list":["post-70","page","type-page","status-publish","hentry"],"_links":{"self":[{"href":"https:\/\/alraune-hamburg.de\/index.php\/wp-json\/wp\/v2\/pages\/70","targetHints":{"allow":["GET"]}}],"collection":[{"href":"https:\/\/alraune-hamburg.de\/index.php\/wp-json\/wp\/v2\/pages"}],"about":[{"href":"https:\/\/alraune-hamburg.de\/index.php\/wp-json\/wp\/v2\/types\/page"}],"author":[{"embeddable":true,"href":"https:\/\/alraune-hamburg.de\/index.php\/wp-json\/wp\/v2\/users\/1"}],"replies":[{"embeddable":true,"href":"https:\/\/alraune-hamburg.de\/index.php\/wp-json\/wp\/v2\/comments?post=70"}],"version-history":[{"count":140,"href":"https:\/\/alraune-hamburg.de\/index.php\/wp-json\/wp\/v2\/pages\/70\/revisions"}],"predecessor-version":[{"id":3301,"href":"https:\/\/alraune-hamburg.de\/index.php\/wp-json\/wp\/v2\/pages\/70\/revisions\/3301"}],"wp:attachment":[{"href":"https:\/\/alraune-hamburg.de\/index.php\/wp-json\/wp\/v2\/media?parent=70"}],"curies":[{"name":"wp","href":"https:\/\/api.w.org\/{rel}","templated":true}]}}