{"id":48,"date":"2018-05-31T04:52:11","date_gmt":"2018-05-31T02:52:11","guid":{"rendered":"https:\/\/alraune.bnb-infosec.com\/?page_id=48"},"modified":"2025-05-05T16:55:24","modified_gmt":"2025-05-05T14:55:24","slug":"ueber-uns","status":"publish","type":"page","link":"https:\/\/alraune-hamburg.de\/index.php\/ueber-uns\/","title":{"rendered":"\u00dcber uns"},"content":{"rendered":"<p style=\"text-align: justify;\">Die gemeinn\u00fctzige Gesellschaft mbH wurde 1984 durch MitarbeiterInnen der SAGA-Mieterberatung und dem Steilshooper Amt f\u00fcr soziale Dienste gegr\u00fcndet. Seit 2003\u00a0hei\u00dfen\u00a0wir\u00a0Alraune gGmbH. Das Ziel war, als <em>Stadtteilverein f\u00fcr soziale Arbeit und Forschung Hamburg<\/em> f\u00fcr Jugendliche aus Steilshoop\u00a0ein Besch\u00e4ftigungs- und sp\u00e4ter ein Ausbildungsangebot zu machen. Zudem sollte die Arbeit den Selbstwert der Jugendlichen\u00a0und das Wohnumfeld aufwerten\u00a0sowie\u00a0die Jugendlichen\u00a0bis zum Berufsabschluss begleiten.\u00a0Genauso wichtig war die Idee, M\u00e4dchen und jungen Frauen bessere Bildungsm\u00f6glichkeiten zu er\u00f6ffnen. Diese Ziele verfolgt die Alraune\u00a0weiterhin\u00a0und\u00a0mittlerweile auch \u00fcber Steilshoops Grenzen hinaus.<\/p>\n<p style=\"text-align: justify;\">Alraune gGmbH &#8211; wie ihre Vorg\u00e4ngertr\u00e4ger &#8211; setzt sich seit jeher als Bildungs-, Ausbildungs- und Besch\u00e4ftigungstr\u00e4ger f\u00fcr Projekte zur Verkn\u00fcpfung von Quartiersentwicklung und Bildungs-, Ausbildungs- wie Arbeitsmarktpolitik ein.<\/p>\n<p style=\"text-align: justify;\">Alraune gGmbH umfasst etwa 35 Betriebsst\u00e4tten unterschiedlicher Gr\u00f6\u00dfe in den Hamburger Bezirken <strong>Wandsbek<\/strong>, <strong>Nord<\/strong>, <strong>Eimsb\u00fcttel<\/strong> und <strong>Mitte<\/strong>. Wesentlicher T\u00e4tigkeitsschwerpunkt ist jedoch <strong>Steilshoop<\/strong> geblieben, wo vor allem <strong><em>Das Caf\u00e9<\/em><\/strong> seit \u00fcber 20 Jahren ein gern besuchter gastronomischer Treffpunkt im Zentrum der Siedlung ist. <a href=\"https:\/\/alraune-hamburg.de\/index.php\/ueber-uns\/mehr-ueber-uns\/\">[mehr erfahren]<\/a><\/p>\n","protected":false},"excerpt":{"rendered":"<p>Die gemeinn\u00fctzige Gesellschaft mbH wurde 1984 durch MitarbeiterInnen der SAGA-Mieterberatung und dem Steilshooper Amt f\u00fcr soziale Dienste gegr\u00fcndet. Seit 2003\u00a0hei\u00dfen\u00a0wir\u00a0Alraune gGmbH. Das Ziel war, als Stadtteilverein f\u00fcr soziale Arbeit und Forschung Hamburg f\u00fcr Jugendliche aus Steilshoop\u00a0ein Besch\u00e4ftigungs- und sp\u00e4ter ein Ausbildungsangebot zu machen. Zudem sollte die Arbeit den Selbstwert der\u2026<\/p>\n<p> <a class=\"continue-reading-link\" href=\"https:\/\/alraune-hamburg.de\/index.php\/ueber-uns\/\"><span>Continue reading<\/span><i class=\"crycon-right-dir\"><\/i><\/a> <\/p>\n","protected":false},"author":1,"featured_media":0,"parent":0,"menu_order":0,"comment_status":"closed","ping_status":"closed","template":"templates\/template-onecolumn.php","meta":{"footnotes":""},"class_list":["post-48","page","type-page","status-publish","hentry"],"_links":{"self":[{"href":"https:\/\/alraune-hamburg.de\/index.php\/wp-json\/wp\/v2\/pages\/48","targetHints":{"allow":["GET"]}}],"collection":[{"href":"https:\/\/alraune-hamburg.de\/index.php\/wp-json\/wp\/v2\/pages"}],"about":[{"href":"https:\/\/alraune-hamburg.de\/index.php\/wp-json\/wp\/v2\/types\/page"}],"author":[{"embeddable":true,"href":"https:\/\/alraune-hamburg.de\/index.php\/wp-json\/wp\/v2\/users\/1"}],"replies":[{"embeddable":true,"href":"https:\/\/alraune-hamburg.de\/index.php\/wp-json\/wp\/v2\/comments?post=48"}],"version-history":[{"count":6,"href":"https:\/\/alraune-hamburg.de\/index.php\/wp-json\/wp\/v2\/pages\/48\/revisions"}],"predecessor-version":[{"id":548,"href":"https:\/\/alraune-hamburg.de\/index.php\/wp-json\/wp\/v2\/pages\/48\/revisions\/548"}],"wp:attachment":[{"href":"https:\/\/alraune-hamburg.de\/index.php\/wp-json\/wp\/v2\/media?parent=48"}],"curies":[{"name":"wp","href":"https:\/\/api.w.org\/{rel}","templated":true}]}}