{"id":473,"date":"2018-06-01T10:34:32","date_gmt":"2018-06-01T08:34:32","guid":{"rendered":"https:\/\/alraune.bnb-infosec.com\/?page_id=473"},"modified":"2024-09-24T09:11:57","modified_gmt":"2024-09-24T07:11:57","slug":"mehr-ueber-uns","status":"publish","type":"page","link":"https:\/\/alraune-hamburg.de\/index.php\/ueber-uns\/mehr-ueber-uns\/","title":{"rendered":""},"content":{"rendered":"<div  class=\"lgc-column lgc-grid-parent lgc-grid-50 lgc-tablet-grid-50 lgc-mobile-grid-100 lgc-equal-heights \"><div  class=\"inside-grid-column\">\n<h4 class=\"entry-title\">Hintergrund<\/h4>\n<div class=\"entry-content\">\n<p style=\"text-align: justify;\">Heute wird in einem Gro\u00dfteil der Berufe eine oft anspruchsvolle Fachausbildung verlangt. Zudem werden ein hohes Ma\u00df an Eigenverantwortung, Kooperations- und Koordinationsf\u00e4higkeit als pers\u00f6nliche Kompetenzen am Arbeitsplatz vorausgesetzt.<\/p>\n<p style=\"text-align: justify;\">Ausbildungsbetriebe w\u00fcnschen sich eine engere Verzahnung von allgemeinbildendem Lernen mit praktischen Aufgabenstellungen und\u00a0beklagen die aus ihrer Sicht oft fehlende \u201eBerufsreife\u201c von Jugendlichen.<\/p>\n<p style=\"text-align: justify;\">Viele Jugendliche haben jedoch nach Ende der Schulzeit kein Bild der Arbeitswelt, keinen klaren Berufswunsch. Dies kann dazu f\u00fchren, dass die berufliche und vielfach auch gesellschaftliche Integration der jungen Menschen scheitert,\u00a0ihr Weg in eine selbstbestimmte Existenzsicherung scheint verstellt.<\/p>\n<p style=\"text-align: justify;\">Erwerbst\u00e4tigkeit stellt allerdings f\u00fcr den weitaus gr\u00f6\u00dften Teil der Erwachsenen vor Erreichen des Renteneintrittsalters die einzige M\u00f6glichkeit dar, ein existenzsicherndes Einkommen zu erzielen. Eine mangelnde Integration in den Arbeitsmarkt f\u00fchrt deshalb h\u00e4ufig zur Abh\u00e4ngigkeit von Leistungen der staatlichen Grundsicherung.<\/p>\n<p style=\"text-align: justify;\">Alraune m\u00f6chte daher mit ihren Aktivit\u00e4ten einen Beitrag zur sozialen und beruflichen Integration von Jugendlichen und (jungen) Erwachsenen \u00a0leisten und dabei gleichzeitig der sozialen Spaltung des Gemeinwesens entgegenwirken.<\/p>\n<\/div>\n<p><\/p><\/div><\/div>\n<div  class=\"lgc-column lgc-grid-parent lgc-grid-50 lgc-tablet-grid-50 lgc-mobile-grid-100 lgc-equal-heights \"><div  class=\"inside-grid-column\">\n<h4 class=\"entry-title\">Unsere Ziele<\/h4>\n<div class=\"entry-content\">\n<p style=\"text-align: justify;\">Die Alraune gGmbH hat es sich zur Aufgabe gemacht, \u00f6ffentliche Mittel gezielt zur\u00a0Verbesserung der Teilhabechancen von Menschen einzusetzen, die ohne diese Unterst\u00fctzung vom Ausbildungs- oder Arbeitsmarkt ausgeschlossen blieben. Alraune will mit ihren Aktivit\u00e4ten m\u00f6glichst vielen Menschen Bildung und Ausbildung erm\u00f6glichen, sie in Arbeit vermitteln und ihnen Teilhabe erm\u00f6glichen.<\/p>\n<p style=\"text-align: justify;\">Armut und Ausgrenzung sind komplex und in unterschiedlichen Formen und Auspr\u00e4gungen vorhanden. Zu beobachten ist in allen Gro\u00dfst\u00e4dten eine Spaltung in Gewinner- und Verliererstadtteile. Es\u00a0entstehen so genannte <strong>soziale Brennpunkte<\/strong> oder <strong>benachteiligte Wohnquartiere<\/strong> mit \u00fcberforderten Nachbarschaften, Defiziten in der Wohnungsausstattung, im Wohnumfeld und der Infrastruktur. Benachteiligung meint also auch Formen gesellschaftlichen Ausschlusses, die sich nicht vorrangig und ausschlie\u00dflich an materieller Not festmachen, sondern an zentralen Teilhabekategorien moderner Gesellschaften.<\/p>\n<p style=\"text-align: justify;\">Ein Ziel der Alraune gGmbH ist es daher, die <strong>Lebensbedingungen<\/strong> von Menschen in benachteiligten Wohnquartieren der Metropolregion Hamburg zu <strong>verbessern<\/strong>.<\/p>\n<p style=\"text-align: justify;\">Wir unterst\u00fctzen zudem die Selbstorganisation und Vernetzung der BewohnerInnen und von gemeinn\u00fctzigen Einrichtungen des Stadtteils Steilshoop \u00fcber dessen Grenzen hinaus.<\/p>\n<p style=\"text-align: justify;\">Alraune verzahnt Bildungs- Besch\u00e4ftigungs- und Jugendhilfeangebote mit sinnstiftenden am Gemeinwohl orientierten Dienstleistungen zum Beipiel f\u00fcr Sch\u00fclerInnen in Ganztagsschulen oder BewohnerInnen benachteiligter Quartiere.<\/p>\n<\/div>\n<p style=\"text-align: justify;\"><\/p><\/div><\/div>\n<div  class=\"lgc-column lgc-grid-parent lgc-grid-50 lgc-tablet-grid-50 lgc-mobile-grid-100 lgc-equal-heights \"><div  class=\"inside-grid-column\">\n<h4 class=\"entry-title\">Philosophie<\/h4>\n<div class=\"entry-content\">\n<p style=\"text-align: justify;\">Die Stadt in der wir leben erf\u00fcllt viele Funktionen. Im Idealfall kn\u00fcpfen wir hier ein Netz aus sozialen Kontakten, erschlie\u00dfen Erwerbsquellen, nutzen Freizeitangebote und erhalten kulturelle Impulse. Menschen werden hier geboren, wachsen auf und machen ihre ersten konkreten Erfahrungen mit dem was wir sp\u00e4ter Bildung nennen. Stadtteile, die diese integrativen Funktionen nicht aus eigener Kraft erf\u00fcllen k\u00f6nnen, brauchen angemessene Unterst\u00fctzung. Die Alraune gGmbH leistet dazu einen Beitrag.<\/p>\n<p style=\"text-align: justify;\">Wir wollen gelingende Bildungsprozesse erm\u00f6glichen und dabei die Entwicklungspotenziale und \u2013bedarfe der Region nutzen, erweitern und eng einbinden.<\/p>\n<p style=\"text-align: justify;\">Neben Bildung ist ein wichtiger Schwerpunkt der Gesellschaft die Arbeitsmarktpolitik. Unserer \u00dcberzeugung nach sollte Arbeitsmarktpolitik verzahnt mit anderen Politikfeldern betrachtet und umgesetzt werden. Mittel f\u00fcr arbeitsmarktpolitische Zielsetzungen verdoppeln ihre positive Wirkung, wenn mit ihnen gleichzeitig Angebote f\u00fcr benachteiligte oder besonders f\u00f6rderungsw\u00fcrdige Personengruppen geschaffen und aufrecht erhalten werden, indem\u00a0z.B. nicht-kommerzielle Treffpunkte geschaffen oder Hilfsangebote f\u00fcr benachteiligte Menschen gemacht werden (Synergieeffekte). Es sind dies stets Angebote die ohne Besch\u00e4ftigungstr\u00e4ger nicht realisiert werden k\u00f6nnten, denn sie \u201erechnen\u201c sich f\u00fcr kommerzielle Anbieter nicht.<\/p>\n<p style=\"text-align: justify;\">Von\u00a0 dieser Ausrichtung der \u00f6ffentlich gef\u00f6rderten Besch\u00e4ftigung profitieren auch die MitarbeiterInnen. Sie m\u00fcssen sich in ihrem Arbeitsalltag beim Besch\u00e4ftigungstr\u00e4ger arbeitsmarktnahen Anforderungen stellen und k\u00f6nnen auf diese Weise Kompetenzen entwickeln, die eine Vermittlung in eine ungef\u00f6rderte Besch\u00e4ftigung erleichtern.<\/p>\n<p style=\"text-align: justify;\">Zudem entspricht es der Philosophie der Alraune gGmbH, Projektans\u00e4tze so zu entwickeln, dass sie am Bedarf vieler NutzerInnen-Gruppen ausgerichtet und daher geeignet sind, unterschiedliche beh\u00f6rdliche Zust\u00e4ndigkeiten zu gemeinsamem und abgestimmtem Handeln zu veranlassen.<\/p>\n<p style=\"text-align: justify;\">So erf\u00fcllen viele Betriebsst\u00e4tten der Alraune gGmbH mehrere sozialpolitische Zielsetzungen, zu deren Realisierung folgerichtig die verschiedenen zust\u00e4ndigen Beh\u00f6rden einen Beitrag im Rahmen von Jugendhilfe, Stadtentwicklung, Arbeitsmarktpolitik und\/oder Wirtschaftsf\u00f6rderung leisten.<\/p>\n<\/div>\n<p style=\"text-align: justify;\"><\/p><\/div><\/div>\n<div  class=\"lgc-column lgc-grid-parent lgc-grid-50 lgc-tablet-grid-50 lgc-mobile-grid-100 lgc-equal-heights \"><div  class=\"inside-grid-column\">\n<h3 class=\"entry-title\">Unser Leitbild<\/h3>\n<div class=\"entry-content\">\n<p>Perspektiven erweitern \u2013 Beruflich \u2013 Pers\u00f6nlich \u2013 Sozial<\/p>\n<p style=\"text-align: justify;\">Die Alraune gGmbH ist ein freier Tr\u00e4ger, der sich zum Ziel gesetzt hat, Interessen insbesondere jener Menschen zu vertreten, die sich allein kein oder nur schlecht Geh\u00f6r verschaffen k\u00f6nnen.<\/p>\n<p style=\"text-align: justify;\">Alraune steht in der Tradition anwaltschaftlicher und parteilicher sozialer Arbeit. Als zivilgesellschaftlicher Akteur f\u00fchlen wir uns berufen, angesichts der weiter aufgehenden Schere zwischen Arm und Reich, angesichts ungleicher Lebens- und Entwicklungschancen auf Seiten derjenigen Menschen zu stehen, deren soziale Menschenrechte eingeschr\u00e4nkt werden oder eingeschr\u00e4nkt zu werden drohen. In diesem Sinne verstehen wir uns als Lobbyisten f\u00fcr von Ausgrenzung bedrohte Bev\u00f6lkerungsgruppen. Aus Parteilichkeit f\u00fcr andere kann dabei auch politische Einmischung mit anderen im Sinne einer Erm\u00e4chtigung werden.<\/p>\n<p style=\"text-align: justify;\">Sie arbeitet auf Basis der Philosophie der Subsidiarit\u00e4t mit den zust\u00e4ndigen staatlichen Organisationen zusammen und ist bem\u00fcht, staatliches Handeln messbar im Interesse benachteiligter Bev\u00f6lkerungsgruppen zu beeinflussen.<\/p>\n<p style=\"text-align: justify;\">Sie baut zudem inklusive Bildungs- und Ausbildungsangebote auf und kooperiert dabei eng mit der lokalen Wirtschaft. Dazu geh\u00f6ren Angebote der beruflichen Orientierung, allgemeinbildende schulische Angebote sowie Berufsausbildungen.<\/p>\n<p style=\"text-align: justify;\"><strong>Die Arbeit der Alraune gGmbH richtet sich mit ihren Zielen an vier unterschiedliche Personengruppen<\/strong>:<\/p>\n<ul>\n<li style=\"text-align: justify;\">Wir m\u00f6chten schulpflichtigen Hamburger <strong>Kindern und Jugendlichen<\/strong> einen selbstbestimmten Rahmen f\u00fcr schulische und berufliche Bildungsprozesse \u2013 im Polytechnikum Hamburg \u2013 anbieten<\/li>\n<li style=\"text-align: justify;\">Wir m\u00f6chten (langzeit-) <strong>erwerbslosen Menschen<\/strong> durch das Angebot von Arbeits-, Besch\u00e4ftigungs- oder Ausbildungspl\u00e4tzen in Verbindung mit fachlicher und pers\u00f6nlicher Unterst\u00fctzung einen nachhaltigen \u00dcbergang in existenzsichernde Erwerbsarbeit erleichtern<\/li>\n<li style=\"text-align: justify;\">Wir m\u00f6chten dazu beitragen, die Lebensbedingungen in <strong>benachteiligten Quartieren der Metropole Hamburg<\/strong> zu verbessern<\/li>\n<li style=\"text-align: justify;\">Wir m\u00f6chten <strong>Beh\u00f6rden und Politik<\/strong> wirksame und innovative Konzepte zur Realisierung dieser Ziele anbieten und diese in ihrem Auftrag umsetzen.<\/li>\n<\/ul>\n<\/div>\n<p><\/p><\/div><\/div><div class=\"lgc-clear\"><\/div>\n","protected":false},"excerpt":{"rendered":"<p> <a class=\"continue-reading-link\" href=\"https:\/\/alraune-hamburg.de\/index.php\/ueber-uns\/mehr-ueber-uns\/\"><span>Continue reading<\/span><i class=\"crycon-right-dir\"><\/i><\/a> <\/p>\n","protected":false},"author":1,"featured_media":0,"parent":48,"menu_order":0,"comment_status":"closed","ping_status":"closed","template":"","meta":{"footnotes":""},"class_list":["post-473","page","type-page","status-publish","hentry"],"_links":{"self":[{"href":"https:\/\/alraune-hamburg.de\/index.php\/wp-json\/wp\/v2\/pages\/473","targetHints":{"allow":["GET"]}}],"collection":[{"href":"https:\/\/alraune-hamburg.de\/index.php\/wp-json\/wp\/v2\/pages"}],"about":[{"href":"https:\/\/alraune-hamburg.de\/index.php\/wp-json\/wp\/v2\/types\/page"}],"author":[{"embeddable":true,"href":"https:\/\/alraune-hamburg.de\/index.php\/wp-json\/wp\/v2\/users\/1"}],"replies":[{"embeddable":true,"href":"https:\/\/alraune-hamburg.de\/index.php\/wp-json\/wp\/v2\/comments?post=473"}],"version-history":[{"count":3,"href":"https:\/\/alraune-hamburg.de\/index.php\/wp-json\/wp\/v2\/pages\/473\/revisions"}],"predecessor-version":[{"id":2716,"href":"https:\/\/alraune-hamburg.de\/index.php\/wp-json\/wp\/v2\/pages\/473\/revisions\/2716"}],"up":[{"embeddable":true,"href":"https:\/\/alraune-hamburg.de\/index.php\/wp-json\/wp\/v2\/pages\/48"}],"wp:attachment":[{"href":"https:\/\/alraune-hamburg.de\/index.php\/wp-json\/wp\/v2\/media?parent=473"}],"curies":[{"name":"wp","href":"https:\/\/api.w.org\/{rel}","templated":true}]}}