{"id":38,"date":"2018-05-31T04:48:27","date_gmt":"2018-05-31T02:48:27","guid":{"rendered":"https:\/\/alraune.bnb-infosec.com\/?page_id=38"},"modified":"2023-11-29T13:39:36","modified_gmt":"2023-11-29T12:39:36","slug":"impressum","status":"publish","type":"page","link":"https:\/\/alraune-hamburg.de\/index.php\/impressum\/","title":{"rendered":"Impressum"},"content":{"rendered":"<h1>Alraune gGmbH<\/h1>\n<p>Gemeinn\u00fctzige Gesellschaft zur F\u00f6rderung der<br \/>\nTeilhabechancen und Verbesserung der<br \/>\nLebensqualit\u00e4t benachteiligter Menschen mbH<\/p>\n<p>Schreyerring 27<br \/>\n22309 Hamburg<br \/>\nTelefonzentrale: 040 \/ 63 200 420<br \/>\nE-Mail: info@alraune-hamburg.de<\/p>\n<p>Vertretungsberechtigte Gesch\u00e4ftsf\u00fchrerin:<br \/>\nPetra Lafferentz<\/p>\n<p>Registergericht: Amtsgericht Hamburg<br \/>\nRegisternummer: HRB 90325<br \/>\nSteuernummer: 17\/402\/09767<\/p>\n<p>Einige Projekte der Alraune gGmbH werden aus Mitteln des Europ\u00e4ischen Sozialfonds gef\u00f6rdert.<\/p>\n<p>Haftungshinweis:<br \/>\nTrotz sorgf\u00e4ltiger inhaltlicher Kontrolle \u00fcbernehmen wir keine Haftung f\u00fcr die Inhalte externer Links. F\u00fcr den Inhalt der verlinkten Seiten sind ausschlie\u00dflich deren Betreiber verantwortlich.<\/p>\n","protected":false},"excerpt":{"rendered":"<p>Alraune gGmbH Gemeinn\u00fctzige Gesellschaft zur F\u00f6rderung der Teilhabechancen und Verbesserung der Lebensqualit\u00e4t benachteiligter Menschen mbH Schreyerring 27 22309 Hamburg Telefonzentrale: 040 \/ 63 200 420 E-Mail: info@alraune-hamburg.de Vertretungsberechtigte Gesch\u00e4ftsf\u00fchrerin: Petra Lafferentz Registergericht: Amtsgericht Hamburg Registernummer: HRB 90325 Steuernummer: 17\/402\/09767 Einige Projekte der Alraune gGmbH werden aus Mitteln des Europ\u00e4ischen Sozialfonds\u2026<\/p>\n<p> <a class=\"continue-reading-link\" href=\"https:\/\/alraune-hamburg.de\/index.php\/impressum\/\"><span>Continue reading<\/span><i class=\"crycon-right-dir\"><\/i><\/a> <\/p>\n","protected":false},"author":1,"featured_media":0,"parent":0,"menu_order":0,"comment_status":"closed","ping_status":"closed","template":"","meta":{"footnotes":""},"class_list":["post-38","page","type-page","status-publish","hentry"],"_links":{"self":[{"href":"https:\/\/alraune-hamburg.de\/index.php\/wp-json\/wp\/v2\/pages\/38","targetHints":{"allow":["GET"]}}],"collection":[{"href":"https:\/\/alraune-hamburg.de\/index.php\/wp-json\/wp\/v2\/pages"}],"about":[{"href":"https:\/\/alraune-hamburg.de\/index.php\/wp-json\/wp\/v2\/types\/page"}],"author":[{"embeddable":true,"href":"https:\/\/alraune-hamburg.de\/index.php\/wp-json\/wp\/v2\/users\/1"}],"replies":[{"embeddable":true,"href":"https:\/\/alraune-hamburg.de\/index.php\/wp-json\/wp\/v2\/comments?post=38"}],"version-history":[{"count":4,"href":"https:\/\/alraune-hamburg.de\/index.php\/wp-json\/wp\/v2\/pages\/38\/revisions"}],"predecessor-version":[{"id":3384,"href":"https:\/\/alraune-hamburg.de\/index.php\/wp-json\/wp\/v2\/pages\/38\/revisions\/3384"}],"wp:attachment":[{"href":"https:\/\/alraune-hamburg.de\/index.php\/wp-json\/wp\/v2\/media?parent=38"}],"curies":[{"name":"wp","href":"https:\/\/api.w.org\/{rel}","templated":true}]}}