{"id":371,"date":"2018-06-01T01:18:09","date_gmt":"2018-05-31T23:18:09","guid":{"rendered":"https:\/\/alraune.bnb-infosec.com\/?page_id=371"},"modified":"2025-05-07T13:15:06","modified_gmt":"2025-05-07T11:15:06","slug":"ausbildungszentrum-garten-landschaftsbau","status":"publish","type":"page","link":"https:\/\/alraune-hamburg.de\/index.php\/projekte\/ausbildungszentrum-garten-landschaftsbau\/","title":{"rendered":"Ausbildungszentrum Garten- &#038; Landschaftsbau"},"content":{"rendered":"<p style=\"text-align: justify;\"><img loading=\"lazy\" decoding=\"async\" class=\"wp-image-372 size-medium alignright\" src=\"https:\/\/alraune-hamburg.de\/wp-content\/uploads\/2018\/06\/gala-bau-300x196.jpg\" alt=\"\" width=\"300\" height=\"196\" srcset=\"https:\/\/alraune-hamburg.de\/wp-content\/uploads\/2018\/06\/gala-bau-300x196.jpg 300w, https:\/\/alraune-hamburg.de\/wp-content\/uploads\/2018\/06\/gala-bau-150x98.jpg 150w, https:\/\/alraune-hamburg.de\/wp-content\/uploads\/2018\/06\/gala-bau.jpg 389w\" sizes=\"auto, (max-width: 300px) 100vw, 300px\" \/>Das\u00a0Ausbildungszentrum Garten- und Landschaftsbau befindet sich in der Fabriciusstra\u00dfe 225, direkt neben dem Hallenbad Bramfeld und auf einem Gel\u00e4nde von 13.500 qm. Hier finden Fort- und Weiterbildungskurse, Berufsvorbereitungen und Ausbildungen statt.\u00a0Besonders ein Naturerlebnispfad l\u00e4dt zum Besuch ein.\u00a0Dieses <em>gr\u00fcne Klassenzimmer<\/em> k\u00f6nnen\u00a0\u00a0 Kinder im Alter von 5 bis 12 Jahren in Gruppen und nach vorheriger Anmeldung erleben. Ein auf dem Gel\u00e4nde befindlicher Kompostplatz wird gerne von den umliegenden Anwohnern gegen ein kleines Entgelt genutzt.<\/p>\n<p style=\"text-align: justify;\">Die Kurse, Berufsvorbereitung und Ausbildung wird in Qualifizierungsbausteinen und \u00dcbungswochen auf dem Gel\u00e4nde durchgef\u00fchrt.\u00a0 Das Gel\u00e4nde ist mit allen f\u00fcr die Ausbildung relevanten Pflanzungen, B\u00fcschen, Wegen, B\u00e4umen und einem Teich ausgestattet. Weiterhin befindet sich dort eine voll ausgestattete Werkhalle, eine Werkstatt,\u00a0vier Folienzelte\u00a0mit 50 m\u00b2 und\u00a0ein Folienzelt\u00a0mit 80 m\u00b2 in denen auch bei\u00a0schlechtem Wetter\u00a0die Praxis stattfinden kann.<\/p>\n<p style=\"text-align: justify;\">Unsere\u00a0Qualifizierungsbausteine sind von der Landwirtschaftskammer Hamburg zertifiziert. Die Qualifizierungsbausteine sind aus dem Berufsbild G\u00e4rtnerin \/ G\u00e4rtner im Garten- und Landschaftsbau entwickelt und enthalten die praktischen und die schulischen Inhalte der Ausbildung.<\/p>\n<p style=\"text-align: justify;\">Alraune gGmbH stellt einen Lernpass aus, in dem die erfolgreich abgeschlossenen Bausteine pro Teilnehmer eingetragen werden und die gesamte Ausbildung in Module und Qualifizierungsbausteine abbildet ist.\u00a0Dieser Lernpass ist von der Landwirtschaftskammer Hamburg anerkannt und hat eine G\u00fcltigkeit von 5 Jahren. Teilnehmer, die in diesem Zeitraum alle Bausteine des Lernpasses bei Alraune gGmbH erfolgreich absolviert haben, k\u00f6nnen \u00fcber Alraune gGmbH die Abschlusspr\u00fcfung G\u00e4rtnerin \/ G\u00e4rtner im Garten- und Landschaftsbau bei der Landwirtschaftskammer Hamburg ablegen.<\/p>\n<h4>Ansprechpartnerin<\/h4>\n<p>Monika Kniep<br \/>\nFabriciusstra\u00dfe 225<br \/>\n22177 Hamburg<\/p>\n<p>Tel: 040 \/ 180 138 06<br \/>\nFax: 040 \/ 180 138 07<br \/>\nE-Mail: m.kniep@alraune-hamburg.de<\/p>\n<h4><\/h4>\n","protected":false},"excerpt":{"rendered":"<p>Das\u00a0Ausbildungszentrum Garten- und Landschaftsbau befindet sich in der Fabriciusstra\u00dfe 225, direkt neben dem Hallenbad Bramfeld und auf einem Gel\u00e4nde von 13.500 qm. Hier finden Fort- und Weiterbildungskurse, Berufsvorbereitungen und Ausbildungen statt.\u00a0Besonders ein Naturerlebnispfad l\u00e4dt zum Besuch ein.\u00a0Dieses gr\u00fcne Klassenzimmer k\u00f6nnen\u00a0\u00a0 Kinder im Alter von 5 bis 12 Jahren in Gruppen\u2026<\/p>\n<p> <a class=\"continue-reading-link\" href=\"https:\/\/alraune-hamburg.de\/index.php\/projekte\/ausbildungszentrum-garten-landschaftsbau\/\"><span>Continue reading<\/span><i class=\"crycon-right-dir\"><\/i><\/a> <\/p>\n","protected":false},"author":1,"featured_media":0,"parent":70,"menu_order":0,"comment_status":"closed","ping_status":"closed","template":"","meta":{"footnotes":""},"class_list":["post-371","page","type-page","status-publish","hentry"],"_links":{"self":[{"href":"https:\/\/alraune-hamburg.de\/index.php\/wp-json\/wp\/v2\/pages\/371","targetHints":{"allow":["GET"]}}],"collection":[{"href":"https:\/\/alraune-hamburg.de\/index.php\/wp-json\/wp\/v2\/pages"}],"about":[{"href":"https:\/\/alraune-hamburg.de\/index.php\/wp-json\/wp\/v2\/types\/page"}],"author":[{"embeddable":true,"href":"https:\/\/alraune-hamburg.de\/index.php\/wp-json\/wp\/v2\/users\/1"}],"replies":[{"embeddable":true,"href":"https:\/\/alraune-hamburg.de\/index.php\/wp-json\/wp\/v2\/comments?post=371"}],"version-history":[{"count":4,"href":"https:\/\/alraune-hamburg.de\/index.php\/wp-json\/wp\/v2\/pages\/371\/revisions"}],"predecessor-version":[{"id":3015,"href":"https:\/\/alraune-hamburg.de\/index.php\/wp-json\/wp\/v2\/pages\/371\/revisions\/3015"}],"up":[{"embeddable":true,"href":"https:\/\/alraune-hamburg.de\/index.php\/wp-json\/wp\/v2\/pages\/70"}],"wp:attachment":[{"href":"https:\/\/alraune-hamburg.de\/index.php\/wp-json\/wp\/v2\/media?parent=371"}],"curies":[{"name":"wp","href":"https:\/\/api.w.org\/{rel}","templated":true}]}}