{"id":345,"date":"2018-05-31T22:24:32","date_gmt":"2018-05-31T20:24:32","guid":{"rendered":"https:\/\/alraune.bnb-infosec.com\/?page_id=345"},"modified":"2025-05-07T21:25:17","modified_gmt":"2025-05-07T19:25:17","slug":"bundesfreiwilligendienst","status":"publish","type":"page","link":"https:\/\/alraune-hamburg.de\/index.php\/projekte\/bundesfreiwilligendienst\/","title":{"rendered":"Bundesfreiwilligendienst"},"content":{"rendered":"<h4>Integrtationsprojekt<\/h4>\n<p style=\"text-align: justify;\">Sie unterst\u00fctzen unsere Integrationschoaches, AnleiterInnen und DolmetscherInnen bei ihrer Arbeit mit den Gefl\u00fcchteten. In dem Integrationsprojekt werden, in Erg\u00e4nzung zum Integrationskurs,\u00a0die Inhalte des <em>Begleit-MOIN-Konzeptes<\/em> vermittelt.\u00a0Dar\u00fcber hinaus begleiten sie die Gefl\u00fcchteten\u00a0im Alttag bei Beh\u00f6rdeng\u00e4ngen, der Wohnungssuche, im Gesundheitssystem\u00a0sowie\u00a0in ihrer\u00a0Berufsorientierung und Arbeitsmarktintegration.<\/p>\n<h4>Ansprechpartnerin<\/h4>\n<p><strong>Nina Radmehr<\/strong><br \/>Telefon:\u00a0\u00a0(040)\u00a0520 198 32<br \/>E-Mail: <a href=\"mailto:s.engel@alraune-hamburg.de\">n.radmehr@alraune-hamburg.de<\/a><\/p>\n<h4>Produktionsschulen Eimsb\u00fcttel &amp; Steilshoop<\/h4>\n<p style=\"text-align: justify;\">Die Produktionsschulen bereiten Jugendliche (bis 25 Jahren) auf ihren Einstieg in die Arbeitswelt vor und begleiten sie beim Erwerb ihres allgemeinbildenden Schulabschlusses. Schwerpunkt der p\u00e4dagogischen Arbeit ist die Verbindung von Lernen und Arbeiten. Die Jugendlichen werden auf Grundlage individueller Bildungs- und F\u00f6rderpl\u00e4ne unterrichtet und in Kombination mit praktischer Arbeit in den Bereichen Gastronomie, Modedesign und im Handwerk (Zweiradmechanik, Malerei, Schlosserei,Tischlerei) auf einen Berufs- und\/oder Schulabschluss vorbereitet.<\/p>\n<h4>Ansprechpartnerin Produktionsschule\u00a0Eimsb\u00fcttel<\/h4>\n<p><strong>Christin Nothdurft<\/strong><br \/>Telefon:\u00a0(040) 507 190-07<br \/>E-Mail: <a href=\"mailto:c.nothdurft@alraune-hamburg.de\">c.nothdurft@alraune-hamburg.de<\/a><\/p>\n<h4>Ansprechpartner Produktionsschule im Quartier Steilshoop<\/h4>\n<p><strong>Max-Luca Albrecht<\/strong><br \/>Telefon: (040) 633 141 28<br \/>E-Mail: <a href=\"mailto:m.albrecht@safo-hamburg.de\">m.albrecht@safo-hamburg.de<\/a><\/p>\n\n","protected":false},"excerpt":{"rendered":"<p>Integrtationsprojekt Sie unterst\u00fctzen unsere Integrationschoaches, AnleiterInnen und DolmetscherInnen bei ihrer Arbeit mit den Gefl\u00fcchteten. In dem Integrationsprojekt werden, in Erg\u00e4nzung zum Integrationskurs,\u00a0die Inhalte des Begleit-MOIN-Konzeptes vermittelt.\u00a0Dar\u00fcber hinaus begleiten sie die Gefl\u00fcchteten\u00a0im Alttag bei Beh\u00f6rdeng\u00e4ngen, der Wohnungssuche, im Gesundheitssystem\u00a0sowie\u00a0in ihrer\u00a0Berufsorientierung und Arbeitsmarktintegration. Ansprechpartnerin Nina RadmehrTelefon:\u00a0\u00a0(040)\u00a0520 198 32E-Mail: n.radmehr@alraune-hamburg.de Produktionsschulen Eimsb\u00fcttel &amp;\u2026<\/p>\n<p> <a class=\"continue-reading-link\" href=\"https:\/\/alraune-hamburg.de\/index.php\/projekte\/bundesfreiwilligendienst\/\"><span>Continue reading<\/span><i class=\"crycon-right-dir\"><\/i><\/a> <\/p>\n","protected":false},"author":1,"featured_media":0,"parent":70,"menu_order":0,"comment_status":"closed","ping_status":"closed","template":"","meta":{"footnotes":""},"class_list":["post-345","page","type-page","status-publish","hentry"],"_links":{"self":[{"href":"https:\/\/alraune-hamburg.de\/index.php\/wp-json\/wp\/v2\/pages\/345","targetHints":{"allow":["GET"]}}],"collection":[{"href":"https:\/\/alraune-hamburg.de\/index.php\/wp-json\/wp\/v2\/pages"}],"about":[{"href":"https:\/\/alraune-hamburg.de\/index.php\/wp-json\/wp\/v2\/types\/page"}],"author":[{"embeddable":true,"href":"https:\/\/alraune-hamburg.de\/index.php\/wp-json\/wp\/v2\/users\/1"}],"replies":[{"embeddable":true,"href":"https:\/\/alraune-hamburg.de\/index.php\/wp-json\/wp\/v2\/comments?post=345"}],"version-history":[{"count":4,"href":"https:\/\/alraune-hamburg.de\/index.php\/wp-json\/wp\/v2\/pages\/345\/revisions"}],"predecessor-version":[{"id":3096,"href":"https:\/\/alraune-hamburg.de\/index.php\/wp-json\/wp\/v2\/pages\/345\/revisions\/3096"}],"up":[{"embeddable":true,"href":"https:\/\/alraune-hamburg.de\/index.php\/wp-json\/wp\/v2\/pages\/70"}],"wp:attachment":[{"href":"https:\/\/alraune-hamburg.de\/index.php\/wp-json\/wp\/v2\/media?parent=345"}],"curies":[{"name":"wp","href":"https:\/\/api.w.org\/{rel}","templated":true}]}}