{"id":337,"date":"2018-05-31T22:01:06","date_gmt":"2018-05-31T20:01:06","guid":{"rendered":"https:\/\/alraune.bnb-infosec.com\/?page_id=337"},"modified":"2026-05-09T15:17:05","modified_gmt":"2026-05-09T13:17:05","slug":"cafe-tschai","status":"publish","type":"page","link":"https:\/\/alraune-hamburg.de\/index.php\/projekte\/cafe-tschai\/","title":{"rendered":"Caf\u00e9 tschai."},"content":{"rendered":"<p style=\"font-weight: 400;\"><strong>Endlich hat unser Caf\u00e9 tschai wiederer\u00f6ffnet!<\/strong><\/p>\n<p style=\"font-weight: 400;\">Das internationale Team kocht und backt wechselnde Gerichte auch aus den verschiedenen Herkunftsl\u00e4ndern. Seit Mai 2016 dient die kleine Mensa der ehemaligen Schule am Eichtalpark als <strong>internationales Caf\u00e9 tschai <\/strong>und ist ein beliebter Treffpunkt nicht nur f\u00fcr Gefl\u00fcchtete und Nachbar*Innen. <strong>Sie k\u00f6nnen das Caf\u00e9 unter der Woche in der Zeit von 11-17:00 Uhr besuchen.<\/strong><\/p>\n<p style=\"font-weight: 400;\">Das wechselnde <strong>Mittagstisch-Angebot<\/strong> erhalten Sie t\u00e4glich zwischen <strong>11:30 Uhr und 14:30 Uhr<\/strong> und selbstverst\u00e4ndlich auch zum Mitnehmen.<\/p>\n<p><strong>Unsere aktuelle Wochenkarte:<\/strong><\/p>\n<p><a href=\"https:\/\/alraune-hamburg.de\/wp-content\/uploads\/2026\/05\/tschai-Mittagskarte_11.05.2026.pdf\"><strong>Mittagskarte <\/strong><strong>Caf\u00e9 <\/strong><strong>tschai<\/strong><\/a><\/p>\n<p style=\"font-weight: 400;\">Au\u00dferdem biete das tschai eine bunte Auswahl an frischen hausgemachten Kuchen und Torten f\u00fcr Sie an. Gerade kulinarisch gelingt Integration ohne Barriere!<\/p>\n<p><strong>Unsere Speisekarte:<br \/><a href=\"https:\/\/alraune-hamburg.de\/wp-content\/uploads\/2022\/06\/tschai_speisekarte-002.pdf\" target=\"_blank\" rel=\"noopener\">Speisekarte<\/a><br \/><\/strong><\/p>\n<p style=\"font-weight: 400;\">Wir freuen uns, wenn Sie vorbeischauen und das neuer\u00f6ffnete Caf\u00e9 mit uns zusammen genie\u00dfen!<\/p>\n<p><strong>UND:<\/strong> Sie planen eine Feier und suchen noch eine geeignete R\u00e4umlichkeit? Gerne k\u00f6nnen Sie das Caf\u00e9 tschai mieten. Wenden Sie sich daf\u00fcr gerne an Frau Nina Radmehr (<a title=\"mailto:n.radmehr@alraune-hamburg.de\" contenteditable=\"false\" href=\"mailto:n.radmehr@alraune-hamburg.de\">n.radmehr@alraune-hamburg.de<\/a> und 040\/520 039 22).<\/p>\n<p>Ihr Team vom Caf\u00e9 tschai<\/p>\n<h4>\u00a0<\/h4>\n<h4>\u00a0<\/h4>\n\n\n\n\n<div class=\"wp-block-media-text is-stacked-on-mobile\"><figure class=\"wp-block-media-text__media\"><\/figure><div class=\"wp-block-media-text__content\">\n<p><\/p>\n<\/div><\/div>\n\n\n\n\n\n\n\n\n\n<p>&nbsp;<\/p>\n<p>&nbsp;<\/p>\n\n\n\n\n","protected":false},"excerpt":{"rendered":"<p>Endlich hat unser Caf\u00e9 tschai wiederer\u00f6ffnet! Das internationale Team kocht und backt wechselnde Gerichte auch aus den verschiedenen Herkunftsl\u00e4ndern. Seit Mai 2016 dient die kleine Mensa der ehemaligen Schule am Eichtalpark als internationales Caf\u00e9 tschai und ist ein beliebter Treffpunkt nicht nur f\u00fcr Gefl\u00fcchtete und Nachbar*Innen. Sie k\u00f6nnen das Caf\u00e9\u2026<\/p>\n<p> <a class=\"continue-reading-link\" href=\"https:\/\/alraune-hamburg.de\/index.php\/projekte\/cafe-tschai\/\"><span>Continue reading<\/span><i class=\"crycon-right-dir\"><\/i><\/a> <\/p>\n","protected":false},"author":1,"featured_media":0,"parent":70,"menu_order":0,"comment_status":"closed","ping_status":"closed","template":"","meta":{"footnotes":""},"class_list":["post-337","page","type-page","status-publish","hentry"],"_links":{"self":[{"href":"https:\/\/alraune-hamburg.de\/index.php\/wp-json\/wp\/v2\/pages\/337","targetHints":{"allow":["GET"]}}],"collection":[{"href":"https:\/\/alraune-hamburg.de\/index.php\/wp-json\/wp\/v2\/pages"}],"about":[{"href":"https:\/\/alraune-hamburg.de\/index.php\/wp-json\/wp\/v2\/types\/page"}],"author":[{"embeddable":true,"href":"https:\/\/alraune-hamburg.de\/index.php\/wp-json\/wp\/v2\/users\/1"}],"replies":[{"embeddable":true,"href":"https:\/\/alraune-hamburg.de\/index.php\/wp-json\/wp\/v2\/comments?post=337"}],"version-history":[{"count":218,"href":"https:\/\/alraune-hamburg.de\/index.php\/wp-json\/wp\/v2\/pages\/337\/revisions"}],"predecessor-version":[{"id":3532,"href":"https:\/\/alraune-hamburg.de\/index.php\/wp-json\/wp\/v2\/pages\/337\/revisions\/3532"}],"up":[{"embeddable":true,"href":"https:\/\/alraune-hamburg.de\/index.php\/wp-json\/wp\/v2\/pages\/70"}],"wp:attachment":[{"href":"https:\/\/alraune-hamburg.de\/index.php\/wp-json\/wp\/v2\/media?parent=337"}],"curies":[{"name":"wp","href":"https:\/\/api.w.org\/{rel}","templated":true}]}}