{"id":321,"date":"2018-05-31T20:24:17","date_gmt":"2018-05-31T18:24:17","guid":{"rendered":"https:\/\/alraune.bnb-infosec.com\/?page_id=321"},"modified":"2025-05-07T18:01:46","modified_gmt":"2025-05-07T16:01:46","slug":"fluechtlingsprojekt-moin","status":"publish","type":"page","link":"https:\/\/alraune-hamburg.de\/index.php\/projekte\/fluechtlingsprojekt-moin\/","title":{"rendered":"Integrationsprojekt Waldd\u00f6rferstra\u00dfe"},"content":{"rendered":"<p style=\"text-align: justify;\"><span style=\"font-family: arial, helvetica, sans-serif;\">Seit dem Fr\u00fchjahr 2016 hat die Alraune gGmbH am Standort der Folgeeinrichtung Wald\u00add\u00f6r\u00adferstra\u00dfe in Hamburg Wandsbek ein Integrationsprojekt etabliert. Das Projekt setzt sich aus verschiedenen Angeboten zusammen, die sinnvoll ineinander grei\u00adfen und sich gegenseitig erg\u00e4nzen.<\/span><\/p>\n<p style=\"text-align: justify;\"><span style=\"font-family: arial, helvetica, sans-serif;\"><strong>\u201eMOIN\u201c<\/strong> (<strong><em>M<\/em><\/strong><em>otivieren, <strong>O<\/strong>rientieren, <strong>In<\/strong>tegrieren<\/em>) ist \u00a0ein dreist\u00fcndiger Begleitkurs zum Integrationskurs. Das Angebot reicht von der Vertiefung der Sprachkennt\u00adnisse im Alltagskontext, individuellem Coaching und Erhebung des beruflichen Profils im Hinblick auf Anschlussperspektiven \u00fcber die Hilfe im Alltag bis hin zur Wohnraumsuche.<\/span><\/p>\n<p style=\"text-align: justify;\"><span style=\"font-family: arial, helvetica, sans-serif;\">F\u00fcr diejenigen, die keine F\u00f6rderung durch das Jobcenter bekommen, bieten wir einen kostenlosen <strong>\u201eDeutschkurs f\u00fcr ALLE\u201c<\/strong> sowie einen Pr\u00fcfungsvorbereitungskurs an.<\/span><\/p>\n<p style=\"text-align: justify;\"><span style=\"font-family: arial, helvetica, sans-serif;\"><strong>Bamf-Frauenkurs<\/strong><strong> (mit Kinderbetreuung)<\/strong> richtet sich an Frauen, die bislang noch nicht ausrei\u00adchend Deutsch lernen konnten. Ziel des niedrigschwelligen Angebots ist es, die Kompetenzen der Frauen aufzugrei\u00adfen, zu entwickeln und die Selbst\u00e4ndigkeit zu f\u00f6rdern. Die Kurse haben eine Br\u00fccken\u00adfunktion, sie ebnen den Weg in die weitere F\u00f6rderung, unter anderem zu Orientierungs- sowie Integrationskursen. Zeitgleich zu den Frauenkursen bieten wir vor Ort eine <em>Kinderbetreuung<\/em> an, damit die M\u00fctter sich auf die Kursinhalte einlassen k\u00f6nnen. Der Kurs richtet sich nicht ausschlie\u00dflich an M\u00fct\u00adter und auch nicht spezifisch an gefl\u00fcchtete Frauen, sondern an alle Frauen mit Migrations\u00adhintergrund.<\/span><\/p>\n<p style=\"text-align: justify;\"><span style=\"font-family: arial, helvetica, sans-serif;\">Die <strong>Sozialberatung<\/strong> unterst\u00fctzt bei der Wohnungssuche, dem Ausf\u00fcllen von Antr\u00e4gen oder der Erstellung von Lebensl\u00e4ufen sowie bei der Sichtung von Post, Vertr\u00e4gen und vielen weiteren Anliegen. Als besonderer Service wird jeden Dienstag eine <strong>Rechtsberatung<\/strong> durch einen An\u00adwalt angeboten.<\/span><\/p>\n<p style=\"text-align: justify;\"><span style=\"font-family: arial, helvetica, sans-serif;\">Das <strong>Sozialintegrative Netzwerk<\/strong> (SIN) fokussiert die Anbindung an die bestehenden Struktu\u00adren im Stadtteil und richtet sich an Schulkinder und Jugendliche, hier werden unter Anderem Ausfl\u00fcge zu Jugendzentren unternommen. Erwachsene erfahren in einer Berufssprechstunde umfangreiche individuelle Unterst\u00fctzung und Familien k\u00f6nnen ihre Erfahrungen und Fragen im monatlich statt findenden Elterncaf\u00e9 austauschen.<\/span><\/p>\n<p style=\"text-align: justify;\"><span style=\"font-family: arial, helvetica, sans-serif;\">Das <strong>Caf\u00e9 tschai<\/strong> dient als Treffpunkt f\u00fcr neue und alte Wandsbeker. Hier gibt es t\u00e4glich einen erschwinglichen Mittagstisch mit frischen Speisen sowie f\u00fcr die Kaffeezeit hausgemachten Kuchen und Torten. Das <strong>Caf\u00e8 tschai <\/strong>ist ein kultureller Raum, der allen Menschen offen steht.<\/span><\/p>\n<p><span style=\"font-family: arial, helvetica, sans-serif; font-size: 12pt; color: #ff0000;\">Kontakt:<br \/>\n<\/span><\/p>\n<p><span style=\"text-decoration: underline;\"><strong><span style=\"font-family: arial, helvetica, sans-serif;\">MOIN (<em>Motivieren-Orientieren-Integrieren<\/em>)<\/span><\/strong><\/span><br \/>\n<span style=\"font-family: arial, helvetica, sans-serif;\">Nina Radmehr<\/span><br \/>\n<a href=\"mailto:n.radmehr@alraune-hamburg.de\"><span style=\"font-family: arial, helvetica, sans-serif;\">n.radmehr@alraune-hamburg.de<\/span><\/a><\/p>\n<h4><\/h4>\n","protected":false},"excerpt":{"rendered":"<p>Seit dem Fr\u00fchjahr 2016 hat die Alraune gGmbH am Standort der Folgeeinrichtung Wald\u00add\u00f6r\u00adferstra\u00dfe in Hamburg Wandsbek ein Integrationsprojekt etabliert. Das Projekt setzt sich aus verschiedenen Angeboten zusammen, die sinnvoll ineinander grei\u00adfen und sich gegenseitig erg\u00e4nzen. \u201eMOIN\u201c (Motivieren, Orientieren, Integrieren) ist \u00a0ein dreist\u00fcndiger Begleitkurs zum Integrationskurs. Das Angebot reicht von der\u2026<\/p>\n<p> <a class=\"continue-reading-link\" href=\"https:\/\/alraune-hamburg.de\/index.php\/projekte\/fluechtlingsprojekt-moin\/\"><span>Continue reading<\/span><i class=\"crycon-right-dir\"><\/i><\/a> <\/p>\n","protected":false},"author":1,"featured_media":0,"parent":70,"menu_order":0,"comment_status":"closed","ping_status":"closed","template":"","meta":{"footnotes":""},"class_list":["post-321","page","type-page","status-publish","hentry"],"_links":{"self":[{"href":"https:\/\/alraune-hamburg.de\/index.php\/wp-json\/wp\/v2\/pages\/321","targetHints":{"allow":["GET"]}}],"collection":[{"href":"https:\/\/alraune-hamburg.de\/index.php\/wp-json\/wp\/v2\/pages"}],"about":[{"href":"https:\/\/alraune-hamburg.de\/index.php\/wp-json\/wp\/v2\/types\/page"}],"author":[{"embeddable":true,"href":"https:\/\/alraune-hamburg.de\/index.php\/wp-json\/wp\/v2\/users\/1"}],"replies":[{"embeddable":true,"href":"https:\/\/alraune-hamburg.de\/index.php\/wp-json\/wp\/v2\/comments?post=321"}],"version-history":[{"count":28,"href":"https:\/\/alraune-hamburg.de\/index.php\/wp-json\/wp\/v2\/pages\/321\/revisions"}],"predecessor-version":[{"id":3049,"href":"https:\/\/alraune-hamburg.de\/index.php\/wp-json\/wp\/v2\/pages\/321\/revisions\/3049"}],"up":[{"embeddable":true,"href":"https:\/\/alraune-hamburg.de\/index.php\/wp-json\/wp\/v2\/pages\/70"}],"wp:attachment":[{"href":"https:\/\/alraune-hamburg.de\/index.php\/wp-json\/wp\/v2\/media?parent=321"}],"curies":[{"name":"wp","href":"https:\/\/api.w.org\/{rel}","templated":true}]}}