{"id":282,"date":"2018-05-31T16:43:30","date_gmt":"2018-05-31T14:43:30","guid":{"rendered":"https:\/\/alraune.bnb-infosec.com\/?page_id=282"},"modified":"2024-02-08T11:18:43","modified_gmt":"2024-02-08T10:18:43","slug":"berufsvorbereitung-berufsorientierung","status":"publish","type":"page","link":"https:\/\/alraune-hamburg.de\/index.php\/aus-und-weiterbildung\/berufsvorbereitung-berufsorientierung\/","title":{"rendered":"Berufsvorbereitung &#038; Berufsorientierung"},"content":{"rendered":"<p><img loading=\"lazy\" decoding=\"async\" class=\"alignleft wp-image-19 size-full\" src=\"https:\/\/alraune-hamburg.de\/wp-content\/uploads\/2018\/05\/headbild-ausbildung.jpg\" alt=\"\" width=\"1003\" height=\"135\" srcset=\"https:\/\/alraune-hamburg.de\/wp-content\/uploads\/2018\/05\/headbild-ausbildung.jpg 1003w, https:\/\/alraune-hamburg.de\/wp-content\/uploads\/2018\/05\/headbild-ausbildung-300x40.jpg 300w, https:\/\/alraune-hamburg.de\/wp-content\/uploads\/2018\/05\/headbild-ausbildung-768x103.jpg 768w, https:\/\/alraune-hamburg.de\/wp-content\/uploads\/2018\/05\/headbild-ausbildung-150x20.jpg 150w\" sizes=\"auto, (max-width: 1003px) 100vw, 1003px\" \/><div  class=\"lgc-column lgc-grid-parent lgc-grid-50 lgc-tablet-grid-50 lgc-mobile-grid-100 lgc-equal-heights \"><div  class=\"inside-grid-column\">\n<h4>Einstiegsqualifizierung im Garten- und Landschaftsbau f\u00fcr Gefl\u00fcchtete<\/h4>\n<p>Vorbereitung auf eine Ausbildung im Garten- und Landschaftsbau oder auf die T\u00e4tigkeit als Helfer oder als Helferin im Garten- und Landschaftsbau.<\/p>\n<p><strong>Was erwartet Sie? <\/strong><\/p>\n<p>Mit unserem Angebot bereiten wir Sie auf eine Ausbildung\/Umschulung oder eine Hilfst\u00e4tigkeit im Garten- und Landschaftsbau vor.<\/p>\n<p>Die Entwicklung von realistischen Anschlussperpektiven auf dem ersten Arbeitamrkt ist das fokussierte Ziel, welches wir bereits w\u00e4hrend der Fortbildungsdurchf\u00fchrung verfolgen. Dies geschieht unter anderem durch Pratkika in Kooperationsbetrieben, mit der M\u00f6glichkeit der \u00dcbernehame in Ausbildung und Arbeit.<\/p>\n<h4>Rahmendaten<\/h4>\n<p>(6 Monate\/27 Wochen incl. 6 Wochen Praktikum, 5 Tage Urlaub)<\/p>\n<p><strong>Zugangs- und Aufnahmevorraussetzungen: <\/strong><\/p>\n<ul>\n<li>Teilnehmer\/innen ohne abgeschlossene bzw. anerkannte Berufsausbildung<\/li>\n<li>Mindesalter 18 Jahre.<\/li>\n<li>Ausreichende Deutschkenntnisse in Wort und Schrift sowie k\u00f6rperliche Belastbarkeit.<\/li>\n<\/ul>\n<p><strong>Qualifizierung:<br \/>\n<\/strong>Rasenbau und Betonsteinarbeiten oder andere von der Landwirtschaftskammer zertifizierte Qualifizierungsbausteine\u00a0<strong> \u00a0\u00a0\u00a0\u00a0\u00a0\u00a0\u00a0\u00a0\u00a0\u00a0\u00a0\u00a0\u00a0\u00a0\u00a0\u00a0\u00a0\u00a0\u00a0\u00a0\u00a0\u00a0\u00a0\u00a0\u00a0\u00a0\u00a0\u00a0\u00a0\u00a0\u00a0\u00a0\u00a0\u00a0\u00a0\u00a0\u00a0\u00a0\u00a0\u00a0\u00a0\u00a0\u00a0\u00a0\u00a0\u00a0\u00a0\u00a0\u00a0\u00a0\u00a0\u00a0\u00a0\u00a0\u00a0\u00a0\u00a0\u00a0\u00a0\u00a0\u00a0\u00a0\u00a0\u00a0\u00a0\u00a0\u00a0\u00a0\u00a0\u00a0\u00a0\u00a0\u00a0\u00a0\u00a0\u00a0 <\/strong><\/p>\n<p><strong>Lernort:<br \/>\n<\/strong>Ausbildungszentrum Garten- &amp; Landschaftsbau Fabriciusstra\u00dfe 225 &#8211; 231, 22177 Hamburg<\/p>\n<p>Melden Sie sich bei uns und lassen Sie sich individuell beraten.<\/p>\n<p><strong>Ansprechpartnerin<\/strong><\/p>\n<p><strong>Monika Kniep<br \/>\nMobil:<\/strong> 040 180 138 06<br \/>\n<strong>E-Mail<\/strong>:<a href=\"mailto:%20k.wysujack@alraune-hamburg.de\">\u00a0m.kniep@alraune-hamburg.de<\/a><\/p>\n<p>Gesch\u00e4ftszeiten:<\/p>\n<p>Montag &#8211; Donnerstag\u00a0 8:00 &#8211; 16.00 Uhr und Freitag 8:00 &#8211; 14.00 Uhr<\/p>\n<p><\/p><\/div><\/div>\n<div  class=\"lgc-column lgc-grid-parent lgc-grid-50 lgc-tablet-grid-50 lgc-mobile-grid-100 lgc-equal-heights \"><div  class=\"inside-grid-column\">\n<h4>Berufsorientierung (ABO) in der Produktionsschule Eimsb\u00fcttel<\/h4>\n<p>Die Arbeits- und Berufsorientierung (ABO) wendet sich an Jugendliche und junge Erwachsene im Alter zwischen 16 und 25 Jahren und verbindet <strong>Lernen und Arbeiten<\/strong>. Am Lernort Betrieb und in der begleitenden Theorie werden \u2013 vermittelt \u00fcber Produktion bzw. Dienstleistungen f\u00fcr den realen Markt \u2013 fachliche, soziale und personale Kompetenzen ausgebildet.<\/p>\n<p>In Verbindung mit und unter Bezugnahme auf die praktische Arbeit werden die Jugendlichen und jungen Erwachsenen auf der Grundlage individueller Bildungs- und F\u00f6rderpl\u00e4ne in sinnstiftenden Kontexten bei Bedarf zugleich auf die Externenpr\u00fcfung zum Erwerb des ersten allgemeinbildenden Schulabschlusses vorbereitet.<\/p>\n<p>In Eimsb\u00fcttel betreiben die Sch\u00fclerinnen und Sch\u00fcler, Jugendliche aus der ABO-Gruppe und Auszubildende\u00a0die Gastronomie im <strong><em>Hamburg Haus<\/em><\/strong>, versorgen u.a.\u00a0die Sch\u00fclerInnen der Stadtteilschule Stellingen mit gesundem Essen und betreiben eine Fahrradstation, eine Modewerkstatt\u00a0sowie einen Malerwerkhof.<\/p>\n<p>Die Jugendlichen und jungen Erwachsenen haben bei uns die M\u00f6glichkeit, sich individuell und ihren St\u00e4rken entsprechend zu bet\u00e4tigen!<\/p>\n<p><strong>Ansprechpartner<\/strong><\/p>\n<p><strong>Christin Nothdurft<br \/>\n<\/strong><strong>Telefon:<\/strong> 040\u00a0 507 190 07<br \/>\n<strong>E-Mail<\/strong>: <a href=\"mailto:%20pse@alraune-hamburg.de\">pse@alraune-hamburg.de<\/a><\/p>\n<p>Gesch\u00e4ftszeiten:<\/p>\n<p>Montag &#8211; Donnerstag\u00a0 8:00 &#8211; 16.00 Uhr und Freitag 8:00 &#8211; 14.00 Uhr<\/p>\n<p><\/p><\/div><\/div><div class=\"lgc-clear\"><\/div>\n","protected":false},"excerpt":{"rendered":"<p> <a class=\"continue-reading-link\" href=\"https:\/\/alraune-hamburg.de\/index.php\/aus-und-weiterbildung\/berufsvorbereitung-berufsorientierung\/\"><span>Continue reading<\/span><i class=\"crycon-right-dir\"><\/i><\/a> <\/p>\n","protected":false},"author":1,"featured_media":0,"parent":274,"menu_order":0,"comment_status":"closed","ping_status":"closed","template":"","meta":{"footnotes":""},"class_list":["post-282","page","type-page","status-publish","hentry"],"_links":{"self":[{"href":"https:\/\/alraune-hamburg.de\/index.php\/wp-json\/wp\/v2\/pages\/282","targetHints":{"allow":["GET"]}}],"collection":[{"href":"https:\/\/alraune-hamburg.de\/index.php\/wp-json\/wp\/v2\/pages"}],"about":[{"href":"https:\/\/alraune-hamburg.de\/index.php\/wp-json\/wp\/v2\/types\/page"}],"author":[{"embeddable":true,"href":"https:\/\/alraune-hamburg.de\/index.php\/wp-json\/wp\/v2\/users\/1"}],"replies":[{"embeddable":true,"href":"https:\/\/alraune-hamburg.de\/index.php\/wp-json\/wp\/v2\/comments?post=282"}],"version-history":[{"count":15,"href":"https:\/\/alraune-hamburg.de\/index.php\/wp-json\/wp\/v2\/pages\/282\/revisions"}],"predecessor-version":[{"id":539,"href":"https:\/\/alraune-hamburg.de\/index.php\/wp-json\/wp\/v2\/pages\/282\/revisions\/539"}],"up":[{"embeddable":true,"href":"https:\/\/alraune-hamburg.de\/index.php\/wp-json\/wp\/v2\/pages\/274"}],"wp:attachment":[{"href":"https:\/\/alraune-hamburg.de\/index.php\/wp-json\/wp\/v2\/media?parent=282"}],"curies":[{"name":"wp","href":"https:\/\/api.w.org\/{rel}","templated":true}]}}