{"id":274,"date":"2018-05-31T16:27:25","date_gmt":"2018-05-31T14:27:25","guid":{"rendered":"https:\/\/alraune.bnb-infosec.com\/?page_id=274"},"modified":"2025-04-02T07:55:58","modified_gmt":"2025-04-02T05:55:58","slug":"aus-und-weiterbildung","status":"publish","type":"page","link":"https:\/\/alraune-hamburg.de\/index.php\/aus-und-weiterbildung\/","title":{"rendered":"Aus- und Weiterbildung"},"content":{"rendered":"<p><img loading=\"lazy\" decoding=\"async\" class=\"alignleft wp-image-21 size-full\" src=\"https:\/\/alraune-hamburg.de\/wp-content\/uploads\/2018\/05\/headbild-infoazubis.jpg\" alt=\"\" width=\"1003\" height=\"135\" srcset=\"https:\/\/alraune-hamburg.de\/wp-content\/uploads\/2018\/05\/headbild-infoazubis.jpg 1003w, https:\/\/alraune-hamburg.de\/wp-content\/uploads\/2018\/05\/headbild-infoazubis-300x40.jpg 300w, https:\/\/alraune-hamburg.de\/wp-content\/uploads\/2018\/05\/headbild-infoazubis-768x103.jpg 768w, https:\/\/alraune-hamburg.de\/wp-content\/uploads\/2018\/05\/headbild-infoazubis-150x20.jpg 150w\" sizes=\"auto, (max-width: 1003px) 100vw, 1003px\" \/><\/p>\n<div  class=\"lgc-column lgc-grid-parent lgc-grid-50 lgc-tablet-grid-50 lgc-mobile-grid-100 lgc-equal-heights \"><div  class=\"inside-grid-column\">\n<p style=\"text-align: left;\">Vorbereitung auf den \u00dcbergang in eine Ausbildung, Umschulung oder Arbeit in den Bereichen Hauswirtschaft, Gastronomie und Garten- und Landschaftsbau.<\/p>\n<ul>\n<li>Sie haben noch keinen Berufsabschluss erreichen k\u00f6nnen?<\/li>\n<li>Sie sind auf der Suche nach einem Arbeitsplatz?<\/li>\n<li>Ohne Berufsabschluss k\u00f6nnen Sie keinen existenzsichernden Arbeitsplatz finden?<\/li>\n<li>Sie m\u00f6chten Arbeit und Familie vereinbaren k\u00f6nnen?<\/li>\n<\/ul>\n<p>Wir bereiten Sie vor auf eine Umschulung in den Berufen:<\/p>\n<ul>\n<li>Hauswirtschafter\/-in<\/li>\n<li>Koch\/K\u00f6chin in Vollzeit<\/li>\n<li>Koch\/K\u00f6chin in Teilzeit<\/li>\n<li>Restaurantfachmann\/-frau in Vollzeit<\/li>\n<li>Restaurantfachmann\/-frau in Teilzeit<\/li>\n<li>G\u00e4rtner\/G\u00e4rtnerin im Garten- und Landschaftsbau<\/li>\n<\/ul>\n<p><\/p><\/div><\/div>\n<div  class=\"lgc-column lgc-grid-parent lgc-grid-50 lgc-tablet-grid-50 lgc-mobile-grid-100 lgc-equal-heights \"><div  class=\"inside-grid-column\">\n<p style=\"text-align: left;\">Ein\u00a0Einstieg ist fortlaufend m\u00f6glich. Diese\u00a0Qualifizierung ist als f\u00f6rderf\u00e4hig gem\u00e4\u00df Akkreditierungs- und Zulassungsverordnung Arbeitsf\u00f6rderung (AZAV) anerkannt.<\/p>\n<ul>\n<li>Mindestalter 25 Jahre<\/li>\n<li>Wohnsitz in Hamburg<\/li>\n<\/ul>\n<p style=\"text-align: justify;\">Sie ben\u00f6tigen einen <strong>Bildungsgutschein<\/strong> der Agentur f\u00fcr Arbeit oder des <strong>jobcenter<\/strong> <strong>team.arbeit.hamburg<\/strong>.<\/p>\n<p>Eine <strong>Umschulung im Garten- und Landschaftsbau<\/strong> ist nur mit einem Bildungsgutschein der Agentur f\u00fcr Arbeit m\u00f6glich.<br \/>\nAusf\u00fchrliche Informationen \u00fcber diese und weitere Qualifizierungen in unserer Gartenbau-Abteilung finden Sie unter:<br \/>\n<a href=\"https:\/\/galabau-alraune.de\" target=\"_blank\" rel=\"noopener\">galabau-alraune.de<\/a><\/p>\n<p><\/p><\/div><\/div>\n<p>Ihre Ansprechpartnerin:<em><strong>\u00a0<\/strong><\/em><br \/>\n<strong>Babette Juppe<\/strong><br \/>\nAlraune gGmbH<br \/>\nSchreyerring 27<br \/>\n22309 Hamburg<br \/>\n<strong><br \/>\nTelefon:<\/strong> 040 \/ 632 004-35<br \/>\n<strong>Telefax: <\/strong>040 \/ 632 004-36<strong><br \/>\nE-Mail<\/strong>:\u00a0\u00a0 <a href=\"mailto:b.juppe@alraune-hamburg.de\">b.juppe@alraune-hamburg.de<\/a><\/p>\n","protected":false},"excerpt":{"rendered":"<p>Ihre Ansprechpartnerin:\u00a0 Babette Juppe Alraune gGmbH Schreyerring 27 22309 Hamburg Telefon: 040 \/ 632 004-35 Telefax: 040 \/ 632 004-36 E-Mail:\u00a0\u00a0 b.juppe@alraune-hamburg.de<\/p>\n<p> <a class=\"continue-reading-link\" href=\"https:\/\/alraune-hamburg.de\/index.php\/aus-und-weiterbildung\/\"><span>Continue reading<\/span><i class=\"crycon-right-dir\"><\/i><\/a> <\/p>\n","protected":false},"author":1,"featured_media":0,"parent":0,"menu_order":0,"comment_status":"closed","ping_status":"closed","template":"","meta":{"footnotes":""},"class_list":["post-274","page","type-page","status-publish","hentry"],"_links":{"self":[{"href":"https:\/\/alraune-hamburg.de\/index.php\/wp-json\/wp\/v2\/pages\/274","targetHints":{"allow":["GET"]}}],"collection":[{"href":"https:\/\/alraune-hamburg.de\/index.php\/wp-json\/wp\/v2\/pages"}],"about":[{"href":"https:\/\/alraune-hamburg.de\/index.php\/wp-json\/wp\/v2\/types\/page"}],"author":[{"embeddable":true,"href":"https:\/\/alraune-hamburg.de\/index.php\/wp-json\/wp\/v2\/users\/1"}],"replies":[{"embeddable":true,"href":"https:\/\/alraune-hamburg.de\/index.php\/wp-json\/wp\/v2\/comments?post=274"}],"version-history":[{"count":34,"href":"https:\/\/alraune-hamburg.de\/index.php\/wp-json\/wp\/v2\/pages\/274\/revisions"}],"predecessor-version":[{"id":2945,"href":"https:\/\/alraune-hamburg.de\/index.php\/wp-json\/wp\/v2\/pages\/274\/revisions\/2945"}],"wp:attachment":[{"href":"https:\/\/alraune-hamburg.de\/index.php\/wp-json\/wp\/v2\/media?parent=274"}],"curies":[{"name":"wp","href":"https:\/\/api.w.org\/{rel}","templated":true}]}}