{"id":251,"date":"2018-05-31T15:39:06","date_gmt":"2018-05-31T13:39:06","guid":{"rendered":"https:\/\/alraune.bnb-infosec.com\/?page_id=251"},"modified":"2025-05-06T07:20:35","modified_gmt":"2025-05-06T05:20:35","slug":"produktionsschule-eimsbuettel","status":"publish","type":"page","link":"https:\/\/alraune-hamburg.de\/index.php\/produktionsschulen\/produktionsschule-eimsbuettel\/","title":{"rendered":"Produktionsschule Eimsb\u00fcttel"},"content":{"rendered":"<p><img loading=\"lazy\" decoding=\"async\" class=\"alignleft wp-image-248 size-full\" src=\"https:\/\/alraune-hamburg.de\/wp-content\/uploads\/2018\/05\/headbild-produktion.jpg\" alt=\"\" width=\"1003\" height=\"135\" srcset=\"https:\/\/alraune-hamburg.de\/wp-content\/uploads\/2018\/05\/headbild-produktion.jpg 1003w, https:\/\/alraune-hamburg.de\/wp-content\/uploads\/2018\/05\/headbild-produktion-300x40.jpg 300w, https:\/\/alraune-hamburg.de\/wp-content\/uploads\/2018\/05\/headbild-produktion-768x103.jpg 768w, https:\/\/alraune-hamburg.de\/wp-content\/uploads\/2018\/05\/headbild-produktion-150x20.jpg 150w\" sizes=\"auto, (max-width: 1003px) 100vw, 1003px\" \/><\/p>\n<p style=\"text-align: justify;\">Produktionsschulen wenden sich an schulpflichtige Jugendliche und verbinden Lernen und Arbeiten.<\/p>\n<p style=\"text-align: justify;\">Am Lernort Betrieb und im allgemeinbildenden und fachbezogenen Unterricht werden \u2013 vermittelt \u00fcber Produktion bzw. Dienstleistungen f\u00fcr den realen Markt \u2013 fachliche, soziale und personale Kompetenzen ausgebildet.<br \/>\nIn Verbindung mit und unter Bezugnahme auf die praktische Arbeit werden die Jugendlichen auf der Grundlage individueller Bildungs- und F\u00f6rderpl\u00e4ne in sinnstiftenden Kontexten zugleich auf die Externenpr\u00fcfung zum Erwerb des ersten allgemeinbildenden Schulabschlusses vorbereitet.<br \/>\nDie Produktionsschule Eimsb\u00fcttel bietet Jugendlichen die Chance der Vorbereitung auf eine tragf\u00e4hige Berufswahlentscheidung.<\/p>\n<p><video poster=\"https:\/\/alraune-hamburg.de\/wp-content\/uploads\/2025\/05\/Frame-PSE.jpg\" controls=\"controls\" width=\"384\" height=\"216\"><source src=\"https:\/\/alraune-hamburg.de\/wp-content\/uploads\/2025\/05\/Alraune_PSE_final.mp4\" type=\"video\/mp4\" \/><\/video><\/p>\n<div  class=\"lgc-column lgc-grid-parent lgc-grid-50 lgc-tablet-grid-50 lgc-mobile-grid-100 lgc-equal-heights \"><div  class=\"inside-grid-column\">\n<p><strong>Es gibt Pl\u00e4tze in den Bereichen<\/strong><\/p>\n<ul>\n<li>Gastronomie (Kochen oder Service)<\/li>\n<li>Einzelhandel \/ Verkauf<\/li>\n<li>Zweiradmechanik<\/li>\n<li>N\u00e4hwerkstatt<\/li>\n<\/ul>\n<p><\/p><\/div><\/div>\n<div  class=\"lgc-column lgc-grid-parent lgc-grid-50 lgc-tablet-grid-50 lgc-mobile-grid-100 lgc-equal-heights \"><div  class=\"inside-grid-column\">\n<p>Alle Betriebsst\u00e4tten befinden sich in der N\u00e4he der Lenzsiedlung in Eimsb\u00fcttel (U2 Lutterothstra\u00dfe). Bevor Sch\u00fcler\/innen aufgenommen werden, machen sie ein kleines Praktikum in dem gew\u00fcnschten Bereich.<\/p>\n<p>Du bekommst eine monatliche individuelle Leistungspr\u00e4mie.<\/p>\n<p>Es ist ein laufender Einstieg m\u00f6glich!<\/p>\n<p><a href=\"https:\/\/alraune-hamburg.de\/index.php\/produktionsschulen\/bewerbungsformular\/\">Hier gehts zum Bewerbungsformular<\/a><\/p>\n<p><\/p><\/div><\/div><div class=\"lgc-clear\"><\/div>\n<div  class=\"lgc-column lgc-grid-parent lgc-grid-50 lgc-tablet-grid-50 lgc-mobile-grid-100 lgc-equal-heights \"><div  class=\"inside-grid-column\">\n<h4>Kontakt<\/h4>\n<p>Alraune gGmbH<br \/>\nProduktionsschule Eimsb\u00fcttel (PSE)<br \/>\nHagenbeckstra\u00dfe 149 a<\/p>\n<p>22527 Hamburg<\/p>\n<p><\/p><\/div><\/div>\n<div  class=\"lgc-column lgc-grid-parent lgc-grid-50 lgc-tablet-grid-50 lgc-mobile-grid-100 lgc-equal-heights \"><div  class=\"inside-grid-column\">\n<h4>Ansprechpartnerin<\/h4>\n<p>Christin Nothdurft<br \/>\n<strong>Tel:<\/strong> 040 \/ 507 19 007<br \/>\n<strong>Fax:<\/strong> 040 \/ 432 763 12<\/p>\n<p><strong>E-Mail:<\/strong> <a href=\"mailto:pse@alraune-hamburg.de\">pse@alraune-hamburg.de<\/a><\/p>\n<p><\/p><\/div><\/div>\n<h1><span style=\"font-size: 14pt;\">\u00a0<\/span><\/h1>\n","protected":false},"excerpt":{"rendered":"<p>Produktionsschulen wenden sich an schulpflichtige Jugendliche und verbinden Lernen und Arbeiten. Am Lernort Betrieb und im allgemeinbildenden und fachbezogenen Unterricht werden \u2013 vermittelt \u00fcber Produktion bzw. Dienstleistungen f\u00fcr den realen Markt \u2013 fachliche, soziale und personale Kompetenzen ausgebildet. In Verbindung mit und unter Bezugnahme auf die praktische Arbeit werden die\u2026<\/p>\n<p> <a class=\"continue-reading-link\" href=\"https:\/\/alraune-hamburg.de\/index.php\/produktionsschulen\/produktionsschule-eimsbuettel\/\"><span>Continue reading<\/span><i class=\"crycon-right-dir\"><\/i><\/a> <\/p>\n","protected":false},"author":1,"featured_media":0,"parent":241,"menu_order":0,"comment_status":"closed","ping_status":"closed","template":"","meta":{"footnotes":""},"class_list":["post-251","page","type-page","status-publish","hentry"],"_links":{"self":[{"href":"https:\/\/alraune-hamburg.de\/index.php\/wp-json\/wp\/v2\/pages\/251","targetHints":{"allow":["GET"]}}],"collection":[{"href":"https:\/\/alraune-hamburg.de\/index.php\/wp-json\/wp\/v2\/pages"}],"about":[{"href":"https:\/\/alraune-hamburg.de\/index.php\/wp-json\/wp\/v2\/types\/page"}],"author":[{"embeddable":true,"href":"https:\/\/alraune-hamburg.de\/index.php\/wp-json\/wp\/v2\/users\/1"}],"replies":[{"embeddable":true,"href":"https:\/\/alraune-hamburg.de\/index.php\/wp-json\/wp\/v2\/comments?post=251"}],"version-history":[{"count":20,"href":"https:\/\/alraune-hamburg.de\/index.php\/wp-json\/wp\/v2\/pages\/251\/revisions"}],"predecessor-version":[{"id":2995,"href":"https:\/\/alraune-hamburg.de\/index.php\/wp-json\/wp\/v2\/pages\/251\/revisions\/2995"}],"up":[{"embeddable":true,"href":"https:\/\/alraune-hamburg.de\/index.php\/wp-json\/wp\/v2\/pages\/241"}],"wp:attachment":[{"href":"https:\/\/alraune-hamburg.de\/index.php\/wp-json\/wp\/v2\/media?parent=251"}],"curies":[{"name":"wp","href":"https:\/\/api.w.org\/{rel}","templated":true}]}}