{"id":241,"date":"2018-05-31T15:28:17","date_gmt":"2018-05-31T13:28:17","guid":{"rendered":"https:\/\/alraune.bnb-infosec.com\/?page_id=241"},"modified":"2023-02-14T15:42:57","modified_gmt":"2023-02-14T14:42:57","slug":"produktionsschulen","status":"publish","type":"page","link":"https:\/\/alraune-hamburg.de\/index.php\/produktionsschulen\/","title":{"rendered":"Produktionsschulen"},"content":{"rendered":"<h1><span style=\"font-size: 14pt;\"><img loading=\"lazy\" decoding=\"async\" class=\"alignleft wp-image-248 size-full\" src=\"https:\/\/alraune-hamburg.de\/wp-content\/uploads\/2018\/05\/headbild-produktion.jpg\" alt=\"\" width=\"1003\" height=\"135\" srcset=\"https:\/\/alraune-hamburg.de\/wp-content\/uploads\/2018\/05\/headbild-produktion.jpg 1003w, https:\/\/alraune-hamburg.de\/wp-content\/uploads\/2018\/05\/headbild-produktion-300x40.jpg 300w, https:\/\/alraune-hamburg.de\/wp-content\/uploads\/2018\/05\/headbild-produktion-768x103.jpg 768w, https:\/\/alraune-hamburg.de\/wp-content\/uploads\/2018\/05\/headbild-produktion-150x20.jpg 150w\" sizes=\"auto, (max-width: 1003px) 100vw, 1003px\" \/><\/span><\/h1>\n<div  class=\"lgc-column lgc-grid-parent lgc-grid-50 lgc-tablet-grid-50 lgc-mobile-grid-100 lgc-equal-heights \"><div  class=\"inside-grid-column\">\n<p style=\"text-align: justify;\">Alraune gGmbH betreibt seit dem Schuljahr 2009\/10 Produktionsschulen. Der Schwerpunkt der p\u00e4dagogischen Arbeit ist die Verbindung von<strong> Lernen und Arbeiten<\/strong>. Am Lernort im Betrieb werden f\u00fcr den realen Markt Produke gefertigt oder Dienstleistungen erbracht und dabei fachliche, soziale und personale Kompetenzen ausgebildet. In Verbindung mit und unter Bezugnahme auf praktische Arbeit werden die Jugendlichen auf Grundlage individueller Bildungs- und F\u00f6rderpl\u00e4ne in sinnstiftenden Kontexten auf die Externenpr\u00fcfung zum Erwerb des ersten allgemeinbildenden Schulabschlusses vorbereitet. An beiden Produktionsschulen gibt es auch Ausbildungspl\u00e4tze.<\/p>\n<p><\/p><\/div><\/div><div  class=\"lgc-column lgc-grid-parent lgc-grid-50 lgc-tablet-grid-50 lgc-mobile-grid-100 lgc-equal-heights \"><div  class=\"inside-grid-column\">\n<p><span style=\"font-size: 11pt;\">Die 7 Gr\u00fcnde in einer Produktionsschule zu lernen<\/span><\/p>\n<ol>\n<li>Du bist schulpflichtig, gehst aber nicht gern zur Schule oder in die Berufsschule.<\/li>\n<li>Du bist arbeitslos.<\/li>\n<li>Du hast keinen Schulabschluss erreicht.<\/li>\n<li>Du hast keinen Ausbildungsplatz erhalten.<\/li>\n<li>Du hast eine Ausbildung nicht beendet.<\/li>\n<li>Du bist zwischen 15 und 25 Jahre alt und momentan ohne beruflichen Plan.<\/li>\n<li>Du m\u00f6chtest gerne praktisch arbeiten und lernen.<\/li>\n<\/ol>\n<p><\/p><\/div><\/div>\n<h1><span style=\"font-size: 12pt;\">Unsere\u00a0 Produktionsschulen<br \/><\/span><\/h1>\n<ul>\n<li><a href=\"https:\/\/alraune-hamburg.de\/index.php\/produktionsschule-eimsbuettel\/\">Produktionsschule Eimsb\u00fcttel<\/a><\/li>\n<li><a href=\"https:\/\/alraune-hamburg.de\/index.php\/produktionsschule-steilshoop\/\">Produktionsschule Steilshoop<\/a><\/li>\n<\/ul>\n\n","protected":false},"excerpt":{"rendered":"<p>Unsere\u00a0 Produktionsschulen Produktionsschule Eimsb\u00fcttel Produktionsschule Steilshoop<\/p>\n<p> <a class=\"continue-reading-link\" href=\"https:\/\/alraune-hamburg.de\/index.php\/produktionsschulen\/\"><span>Continue reading<\/span><i class=\"crycon-right-dir\"><\/i><\/a> <\/p>\n","protected":false},"author":1,"featured_media":0,"parent":0,"menu_order":0,"comment_status":"closed","ping_status":"closed","template":"","meta":{"footnotes":""},"class_list":["post-241","page","type-page","status-publish","hentry"],"_links":{"self":[{"href":"https:\/\/alraune-hamburg.de\/index.php\/wp-json\/wp\/v2\/pages\/241","targetHints":{"allow":["GET"]}}],"collection":[{"href":"https:\/\/alraune-hamburg.de\/index.php\/wp-json\/wp\/v2\/pages"}],"about":[{"href":"https:\/\/alraune-hamburg.de\/index.php\/wp-json\/wp\/v2\/types\/page"}],"author":[{"embeddable":true,"href":"https:\/\/alraune-hamburg.de\/index.php\/wp-json\/wp\/v2\/users\/1"}],"replies":[{"embeddable":true,"href":"https:\/\/alraune-hamburg.de\/index.php\/wp-json\/wp\/v2\/comments?post=241"}],"version-history":[{"count":25,"href":"https:\/\/alraune-hamburg.de\/index.php\/wp-json\/wp\/v2\/pages\/241\/revisions"}],"predecessor-version":[{"id":1646,"href":"https:\/\/alraune-hamburg.de\/index.php\/wp-json\/wp\/v2\/pages\/241\/revisions\/1646"}],"wp:attachment":[{"href":"https:\/\/alraune-hamburg.de\/index.php\/wp-json\/wp\/v2\/media?parent=241"}],"curies":[{"name":"wp","href":"https:\/\/api.w.org\/{rel}","templated":true}]}}