{"id":24,"date":"2018-05-31T03:15:14","date_gmt":"2018-05-31T01:15:14","guid":{"rendered":"https:\/\/alraune.bnb-infosec.com\/?page_id=24"},"modified":"2025-06-11T10:08:30","modified_gmt":"2025-06-11T08:08:30","slug":"schulgastronomie","status":"publish","type":"page","link":"https:\/\/alraune-hamburg.de\/index.php\/schulgastronomie\/","title":{"rendered":"Schulgastronomie"},"content":{"rendered":"<div align=\"left\"><img loading=\"lazy\" decoding=\"async\" class=\"alignleft wp-image-123 size-full\" src=\"https:\/\/alraune-hamburg.de\/wp-content\/uploads\/2018\/05\/header-schulgastro.png\" alt=\"\" width=\"954\" height=\"132\" srcset=\"https:\/\/alraune-hamburg.de\/wp-content\/uploads\/2018\/05\/header-schulgastro.png 954w, https:\/\/alraune-hamburg.de\/wp-content\/uploads\/2018\/05\/header-schulgastro-300x42.png 300w, https:\/\/alraune-hamburg.de\/wp-content\/uploads\/2018\/05\/header-schulgastro-768x106.png 768w, https:\/\/alraune-hamburg.de\/wp-content\/uploads\/2018\/05\/header-schulgastro-150x21.png 150w\" sizes=\"auto, (max-width: 954px) 100vw, 954px\" \/><\/div>\n<div style=\"text-align: justify;\" align=\"left\">\n<div align=\"left\">\n<div style=\"text-align: justify;\" align=\"left\">\n<p>Alraune Schulgastronomie (Zentrale)<br \/>Schreyerring 27 &#8211;\u00a0 <span style=\"font-family: 'Source Sans Pro';\">22309 Hamburg<\/span><\/p>\n<p style=\"text-align: left;\"><strong>Telefon-Hotline<\/strong> :<\/p>\n<p style=\"text-align: left;\"><strong>(040) 689 130 &#8211; 410<\/strong><br \/><strong>(040) 689 130 &#8211; 411<\/strong><\/p>\n<\/div>\n<div style=\"text-align: justify;\" align=\"left\">\n<p><a href=\"https:\/\/www.alraune-schulgastronomie.de\/\" target=\"_blank\" rel=\"noopener\">Zur Webseite der Alraune Schulgastronomie<\/a><\/p>\n<\/div>\n<\/div>\n<\/div>\n\n\n<p style=\"text-align: justify;\">Die Hansestadt Hamburg setzt auf Ganztagsschulen und verspricht sich davon eine bessere Vereinbarkeit von Familie und Beruf sowie die \u00dcberwindung der engen Koppelung der sozialen Lage von Familien und den damit verbundenen Bildungschancen ihrer Kinder. Fachleute unterst\u00fctzen diese Pl\u00e4ne nachdr\u00fccklich.<\/p>\n<p style=\"text-align: justify;\">Dabei verdient nach unserer \u00dcberzeugung die Essenversorgung als ein wesentlicher Bestandteil des Ganztages besondere Beachtung. Ein gesundes, ausgewogenes und auswahlf\u00e4higes Essensangebot f\u00f6rdert erheblich die Konzentrations- und Leistungsf\u00e4higkeit der Sch\u00fclerinnen und Sch\u00fcler. Eine ausgewogene Ern\u00e4hrung ist eine grundlegende Voraussetzung f\u00fcr die optimale k\u00f6rperliche und geistige Leistungsf\u00e4higkeit von Kindern und Jugendlichen. Der Verpflegung in der Schule kommt daher eine bedeutende Rolle zu, besonders vor dem Hintergrund der allm\u00e4hlich in die Schulen verlagerten Ern\u00e4hrungsbildung der Kinder.<\/p>\n<p style=\"text-align: justify;\">Angesichts der Tatsache, dass auch in Hamburg der Anteil fehlern\u00e4hrter Kinder (sowohl \u00fcber-\u00a0als auch untergewichtig) kontinuierlich steigt, muss die Schule, neben unterrichtlicher Gesundheits- und Ern\u00e4hrungsbildung, \u00a0den Kindern und Jugendlichen durch Tisch- und Esskultur, einem gesunden Fr\u00fchst\u00fcck, Zwischenmahlzeiten mit viel Obst, den Verzicht auf Softdrinks und Mischgetr\u00e4nke sowie mit einer f\u00fcr alle Kinder (d.h. unabh\u00e4ngig vom Elterneinkommen!) abgesicherten warmen, ausgewogenen Mahlzeit eine gesunde Ern\u00e4hrung anbieten und erkl\u00e4ren.<\/p>\n<p style=\"text-align: justify;\">Neben politischen Grundsatzentscheidungen spielt dabei die\u00a0 Konzeption der Schulgastronomie in Zusammenarbeit mit dem Caterer eine wesentliche Rolle. Ziel der Alraune gGmbH\u00a0\u00a0ist die Realistaion eines anspruchsvollen Schulverpflegungskonzeptes. Sowohl hinsichtlich der Ausstattung der K\u00fcchen und Essr\u00e4ume (m\u00f6glichst Frischzubereitung in Produktionsk\u00fcchen), der inklusiven Ausrichtung der Arbeit, als auch der schulgastronomischen Versorgung m\u00f6chten wir Ma\u00dfst\u00e4be setzen.<\/p>\n<p><strong>Die Alraune Schulgastronomie bietet:<\/strong><\/p>\n<ul>\n<li>ein ern\u00e4hrungsphysiologisch ausgewogenes Essensangebot<br \/>bei Fr\u00fchst\u00fcck,\u00a0Zwischenmahlzeiten und Mittagessen<\/li>\n<li>ausgebildetes Personal<\/li>\n<li>Integration von f\u00f6rderbed\u00fcrftigen Menschen &#8211; das sind\u00a0Menschen aus Langzeitarbeitslosigkeit, Menschen mit Behinderungen, benachteiligte Jugendliche in gef\u00f6rderter Ausbildung<br \/><br \/><br \/><\/li>\n<\/ul>\n<p style=\"text-align: justify;\"><strong>Der Tr\u00e4ger<\/strong><br \/>Die Alraune gGmbH ist ein gemeinn\u00fctziger Ausbildungs- und Besch\u00e4ftigungstr\u00e4ger mit Sitz in Steilshoop. Unsere Tochtergesellschaft, die Caf\u00e9kultur gGmbH (Betreiber\u00a0des <em>Caf\u00e9 am Planschbecken<\/em> im Stadtpark), die neben der Ausbildung von benachteiligten Jugendlichen auch Menschen mit Behinderungen integriert.<\/p>\n<p style=\"text-align: justify;\">Zurzeit bietet die Alraune gGmbH ca. 80 gef\u00f6rderte Ausbildungspl\u00e4tze f\u00fcr junge Menschen in Gastronomie und Handwerk, ca. 130 Arbeitsgelegenheiten f\u00fcr Langzeiterwerbslose, gef\u00f6rderte sozialversicherungspflichtige Besch\u00e4ftigungsverh\u00e4ltnisse, diverse Ma\u00dfnahmen der Berufsvorbereitung (u.a. Produktionsschule) und Fortbildungen (mit Bildungsgutschein) an.<\/p>\n<p style=\"text-align: justify;\">Schwerpunkt unserer Arbeit ist seit mehr als 10 Jahren die Schulgastronomie. Alraune gGmbH\u00a0versorgt gegenw\u00e4rtig 25 Hamburger Ganztagsschulen mit gesundem Mittagessen und viele davon auch mit gesundem Schulfr\u00fchst\u00fcck.<\/p>\n<p>\u00a0<\/p>\n","protected":false},"excerpt":{"rendered":"<p>Alraune Schulgastronomie (Zentrale)Schreyerring 27 &#8211;\u00a0 22309 Hamburg Telefon-Hotline : (040) 689 130 &#8211; 410(040) 689 130 &#8211; 411 Zur Webseite der Alraune Schulgastronomie Die Hansestadt Hamburg setzt auf Ganztagsschulen und verspricht sich davon eine bessere Vereinbarkeit von Familie und Beruf sowie die \u00dcberwindung der engen Koppelung der sozialen Lage von\u2026<\/p>\n<p> <a class=\"continue-reading-link\" href=\"https:\/\/alraune-hamburg.de\/index.php\/schulgastronomie\/\"><span>Continue reading<\/span><i class=\"crycon-right-dir\"><\/i><\/a> <\/p>\n","protected":false},"author":1,"featured_media":0,"parent":0,"menu_order":0,"comment_status":"closed","ping_status":"closed","template":"templates\/template-onecolumn.php","meta":{"footnotes":""},"class_list":["post-24","page","type-page","status-publish","hentry"],"_links":{"self":[{"href":"https:\/\/alraune-hamburg.de\/index.php\/wp-json\/wp\/v2\/pages\/24","targetHints":{"allow":["GET"]}}],"collection":[{"href":"https:\/\/alraune-hamburg.de\/index.php\/wp-json\/wp\/v2\/pages"}],"about":[{"href":"https:\/\/alraune-hamburg.de\/index.php\/wp-json\/wp\/v2\/types\/page"}],"author":[{"embeddable":true,"href":"https:\/\/alraune-hamburg.de\/index.php\/wp-json\/wp\/v2\/users\/1"}],"replies":[{"embeddable":true,"href":"https:\/\/alraune-hamburg.de\/index.php\/wp-json\/wp\/v2\/comments?post=24"}],"version-history":[{"count":32,"href":"https:\/\/alraune-hamburg.de\/index.php\/wp-json\/wp\/v2\/pages\/24\/revisions"}],"predecessor-version":[{"id":3141,"href":"https:\/\/alraune-hamburg.de\/index.php\/wp-json\/wp\/v2\/pages\/24\/revisions\/3141"}],"wp:attachment":[{"href":"https:\/\/alraune-hamburg.de\/index.php\/wp-json\/wp\/v2\/media?parent=24"}],"curies":[{"name":"wp","href":"https:\/\/api.w.org\/{rel}","templated":true}]}}