{"id":1964,"date":"2023-02-28T10:30:37","date_gmt":"2023-02-28T09:30:37","guid":{"rendered":"https:\/\/alraune-hamburg.de\/?page_id=1964"},"modified":"2025-03-17T13:29:50","modified_gmt":"2025-03-17T12:29:50","slug":"hof-bullerbue","status":"publish","type":"page","link":"https:\/\/alraune-hamburg.de\/index.php\/hof-bullerbue\/","title":{"rendered":"Hof Bullerb\u00fc \u2013 Kita"},"content":{"rendered":"\n<h1 class=\"wp-block-heading\">Es geht endlich los!<\/h1>\n\n\n\n<p class=\"has-medium-font-size\">Die Kita im &#8222;Hof Bullerb\u00fc&#8220; er\u00f6ffnet im August im Fritz-Flinte-Ring 41a! <br>Eine Oase f\u00fcr Kind und Tier \u2013 Mitten in Steilshoop!<\/p>\n\n\n\n<figure class=\"wp-block-image size-large\"><a href=\"https:\/\/alraune-hamburg.de\/wp-content\/uploads\/2023\/03\/bullerbue_web.jpg\"><img decoding=\"async\" src=\"https:\/\/alraune-hamburg.de\/wp-content\/uploads\/2023\/03\/bullerbue_web-1024x634.jpg\" alt=\"\" class=\"wp-image-2068\"\/><\/a><\/figure>\n\n\n\n<div style=\"height:25px\" aria-hidden=\"true\" class=\"wp-block-spacer\"><\/div>\n\n\n\n<div class=\"wp-block-columns is-layout-flex wp-container-core-columns-is-layout-9d6595d7 wp-block-columns-is-layout-flex\">\n<div class=\"wp-block-column is-layout-flow wp-block-column-is-layout-flow\">\n<h2 class=\"wp-block-heading\">Wie aus dem Bilderbuch:<\/h2>\n\n\n\n<ul class=\"wp-block-list has-medium-font-size\">\n<li>Tolle, naturnah gestaltete Au\u00dfenfl\u00e4chen, direkt neben den Wiesen der Tiere<\/li>\n\n\n\n<li>Ein gro\u00dfer Bewegungsraum<\/li>\n\n\n\n<li>Ein eigenes Kinderrestaurant<\/li>\n\n\n\n<li>Eine Badelandschaft<\/li>\n\n\n\n<li>Viele spannende Spielebenen<\/li>\n<\/ul>\n<\/div>\n\n\n\n<div class=\"wp-block-column is-layout-flow wp-block-column-is-layout-flow\">\n<h4 class=\"wp-block-heading\">Kitaplatzanfrage\/Anmeldung <br>und weitere Infos unter:<\/h4>\n\n\n\n<p class=\"has-medium-font-size\"><a href=\"http:\/\/www.hofbullerbue-hamburg.de\">http:\/\/www.hofbullerbue-hamburg.de<\/a><\/p>\n\n\n\n<div class=\"wp-block-group\"><div class=\"wp-block-group__inner-container is-layout-constrained wp-block-group-is-layout-constrained\"><\/div><\/div>\n\n\n\n<div style=\"height:10px\" aria-hidden=\"true\" class=\"wp-block-spacer\"><\/div>\n\n\n\n<p class=\"has-medium-font-size\"><a href=\"https:\/\/alraune-hamburg.de\/wp-content\/uploads\/2023\/03\/Hof_Bullerbue.pdf\" target=\"_blank\" rel=\"noreferrer noopener\">Projekt &#8222;Hof Bullerb\u00fc&#8220;<\/a><\/p>\n\n\n\n<p class=\"has-medium-font-size\"><a href=\"https:\/\/alraune-hamburg.de\/wp-content\/uploads\/2023\/03\/Flyer_Bullerbue-Februar-2023_2.pdf\" target=\"_blank\" rel=\"noreferrer noopener\">Aktuellen Flyer ansehen<\/a><\/p>\n\n\n\n<p class=\"has-medium-font-size\"><strong>Telefon: <\/strong><\/p>\n\n\n\n<h4 class=\"wp-block-heading\">040 632 00 410<br>040 632 00 420 (Herr Schmal)<\/h4>\n<\/div>\n<\/div>\n\n\n\n<div class=\"wp-block-columns kasten has-background is-layout-flex wp-container-core-columns-is-layout-9d6595d7 wp-block-columns-is-layout-flex\" style=\"background-color:#ffb032\">\n<div class=\"wp-block-column is-layout-flow wp-block-column-is-layout-flow\" style=\"flex-basis:66.66%\">\n<h2 class=\"wp-block-heading has-text-align-left has-white-color has-text-color\">Wir suchen p\u00e4dagogische Fachkr\u00e4fte, die Lust haben, die neue Kita im Hof Bullerb\u00fc mit aufzubauen! <\/h2>\n\n\n\n<div style=\"height:10px\" aria-hidden=\"true\" class=\"wp-block-spacer\"><\/div>\n\n\n\n<p class=\"link_red has-medium-font-size\"><a rel=\"noreferrer noopener\" href=\"https:\/\/alraune-hamburg.de\/wp-content\/uploads\/2023\/03\/Kita-Leitung.pdf\" target=\"_blank\">Detaillierte Stellenausschreibung &#8211; Kitaleitung<\/a><\/p>\n\n\n\n<p class=\"link_red has-medium-font-size\"><a rel=\"noreferrer noopener\" href=\"https:\/\/alraune-hamburg.de\/wp-content\/uploads\/2023\/03\/Erzieher.pdf\" target=\"_blank\">Detaillierte Stellenausschreibung &#8211; Erzieher<\/a><\/p>\n\n\n\n<p class=\"has-white-color has-text-color has-medium-font-size\"><strong>Interessiert?  <\/strong><br>Vollst\u00e4ndige Bewerbungen per Mail an <br>Petra Lafferentz senden:<\/p>\n\n\n\n<p class=\"mail_red has-medium-font-size\"><a href=\"mailto:p.lafferentz@alraune-hamburg.de\">p.lafferentz@alraune-hamburg.de<\/a><\/p>\n<\/div>\n\n\n\n<div class=\"wp-block-column is-layout-flow wp-block-column-is-layout-flow\" style=\"flex-basis:33.33%\"><div class=\"wp-block-image\">\n<figure class=\"aligncenter size-medium is-resized\"><img decoding=\"async\" src=\"https:\/\/alraune-hamburg.de\/wp-content\/uploads\/2023\/03\/achtung-150x300.png\" alt=\"\" class=\"wp-image-2019\" style=\"width:176px;height:352px\"\/><\/figure>\n<\/div><\/div>\n<\/div>\n","protected":false},"excerpt":{"rendered":"<p>Es geht endlich los! Die Kita im &#8222;Hof Bullerb\u00fc&#8220; er\u00f6ffnet im August im Fritz-Flinte-Ring 41a! Eine Oase f\u00fcr Kind und Tier \u2013 Mitten in Steilshoop! Wie aus dem Bilderbuch: Kitaplatzanfrage\/Anmeldung und weitere Infos unter: http:\/\/www.hofbullerbue-hamburg.de Projekt &#8222;Hof Bullerb\u00fc&#8220; Aktuellen Flyer ansehen Telefon: 040 632 00 410040 632 00 420 (Herr\u2026<\/p>\n<p> <a class=\"continue-reading-link\" href=\"https:\/\/alraune-hamburg.de\/index.php\/hof-bullerbue\/\"><span>Continue reading<\/span><i class=\"crycon-right-dir\"><\/i><\/a> <\/p>\n","protected":false},"author":8,"featured_media":0,"parent":0,"menu_order":0,"comment_status":"closed","ping_status":"closed","template":"","meta":{"footnotes":""},"class_list":["post-1964","page","type-page","status-publish","hentry"],"_links":{"self":[{"href":"https:\/\/alraune-hamburg.de\/index.php\/wp-json\/wp\/v2\/pages\/1964","targetHints":{"allow":["GET"]}}],"collection":[{"href":"https:\/\/alraune-hamburg.de\/index.php\/wp-json\/wp\/v2\/pages"}],"about":[{"href":"https:\/\/alraune-hamburg.de\/index.php\/wp-json\/wp\/v2\/types\/page"}],"author":[{"embeddable":true,"href":"https:\/\/alraune-hamburg.de\/index.php\/wp-json\/wp\/v2\/users\/8"}],"replies":[{"embeddable":true,"href":"https:\/\/alraune-hamburg.de\/index.php\/wp-json\/wp\/v2\/comments?post=1964"}],"version-history":[{"count":4,"href":"https:\/\/alraune-hamburg.de\/index.php\/wp-json\/wp\/v2\/pages\/1964\/revisions"}],"predecessor-version":[{"id":2902,"href":"https:\/\/alraune-hamburg.de\/index.php\/wp-json\/wp\/v2\/pages\/1964\/revisions\/2902"}],"wp:attachment":[{"href":"https:\/\/alraune-hamburg.de\/index.php\/wp-json\/wp\/v2\/media?parent=1964"}],"curies":[{"name":"wp","href":"https:\/\/api.w.org\/{rel}","templated":true}]}}