{"id":176,"date":"2018-05-31T11:55:05","date_gmt":"2018-05-31T09:55:05","guid":{"rendered":"https:\/\/alraune.bnb-infosec.com\/?page_id=176"},"modified":"2025-05-07T18:19:35","modified_gmt":"2025-05-07T16:19:35","slug":"dienstleistungszentrum","status":"publish","type":"page","link":"https:\/\/alraune-hamburg.de\/index.php\/projekte\/dienstleistungszentrum\/","title":{"rendered":"Dienstleistungszentrum"},"content":{"rendered":"\n<p>Unter dem Dach des Dienstleitungszentrums macht die Alraune gGmbH unterschiedliche Angebote, die sich an<strong>&nbsp;<\/strong>gemeinn\u00fctzige Einrichtungen<strong> <\/strong>oder an<strong> <\/strong>Steilshooper mit kleinem Geldbeutel<strong>&nbsp;<\/strong>richten.<\/p>\n\n\n\n<p>Unsere handwerklichen Helfer zum Beispiel verrichten Renovierungs- und Abrissarbeiten, Innenausbauten und Malerarbeiten bis hin zu Transporten oder Entr\u00fcmpelungen.<\/p>\n\n\n\n<p><strong>Rufen Sie uns gerne an und wir besprechen , was wir f\u00fcr Sie tun k\u00f6nnen!<\/strong><\/p>\n\n\n\n<h3 class=\"wp-block-heading\"><\/h3>\n\n\n\n<h3 class=\"wp-block-heading\"><span style=\"font-size: 14pt;\"><\/span><\/h3>\n\n\n\n<p><strong>Kontakt:<\/strong><br>Alraune gGmbH<br><strong>Dienstleistungszentrum<\/strong><br>Gr\u00fcndgensstra\u00dfe 22<br>22309 Hamburg<\/p>\n\n\n\n<p><span style=\"font-size: 14pt;\"><strong>Ansprechpartner<\/strong><\/span><\/p>\n\n\n\n<p>Manfred Kr\u00fcger <\/p>\n\n\n\n<p><strong>Tel:<\/strong> 040 .\u00a035 967 236<br><strong>E-Mail:<\/strong> <a href=\"mailto:a.koester@alraune-hamburg.de\">m.krueger@alraune-hamburg.de<\/a><\/p>\n\n\n\n<p><\/p>\n\n\n\n<p><\/p>\n\n\n\n<p><\/p>\n\n\n\n<p><\/p>\n\n\n\n<div class=\"wp-block-columns is-layout-flex wp-container-core-columns-is-layout-9d6595d7 wp-block-columns-is-layout-flex\">\n<div class=\"wp-block-column is-layout-flow wp-block-column-is-layout-flow\">\n<p><\/p>\n\n\n\n<h4><span style=\"color: #d60606;\">Fahrradwerkstatt<\/span><\/h4>\n<p><br \/>In unserer Fahrrad-Selbsthilfewerkstatt haben Sie Montag bis Donnerstag Nachmittag die M\u00f6glichkeit ihr Fahrrad selbst zu reparieren (Teile k\u00f6nnen Sie vor Ort kaufen) oder Sie geben ihr Fahrrad bei uns in Auftrag und wir \u00fcbernehmen das f\u00fcr Sie.<\/p>\n<\/div>\n<\/div>\n\n\n\n<div class=\"wp-block-columns is-layout-flex wp-container-core-columns-is-layout-9d6595d7 wp-block-columns-is-layout-flex\">\n<div class=\"wp-block-column is-layout-flow wp-block-column-is-layout-flow\" style=\"flex-basis:33.33%\">\n<p><\/p>\n\n\n\n<p><strong>Kontakt:<\/strong><br>Alraune gGmbH<br><strong>Fahrradwerkstatt Steilshoop<\/strong><br>Borchertring 34<br>22309 Hamburg<\/p>\n\n\n\n<p><span style=\"font-size: 14pt;\"><strong>Ansprechpartner<\/strong><\/span><\/p>\n\n\n\n<p>Jacob Maas<\/p>\n\n\n\n<p><strong>Tel:<\/strong> 040 .\u00a0325 14 325<br><strong>E-Mail:<\/strong> <a href=\"mailto:j.maas@alraune-hamburg.de\">j.maas@alraune-hamburg.de<\/a><\/p>\n<\/div>\n\n\n\n<div class=\"wp-block-column is-layout-flow wp-block-column-is-layout-flow\" style=\"flex-basis:66.66%\">\n<p><\/p>\n\n\n\n<p><strong>\u00d6ffnungszeiten Werkstatt:&nbsp;<\/strong><br>Montag &#8211; Donnerstag:  10:00 &#8211; 18:00 Uhr<br>         Freitag:                 10:00 &#8211; 14:30 Uhr<\/p>\n\n\n\n<p><strong>\u00d6ffnungszeiten Selbsthilfe:<\/strong><br>Montag &#8211; Donnerstag:  15:00 &#8211; 18:00 Uhr<\/p>\n<\/div>\n<\/div>\n\n\n\n<p><\/p>\n\n\n\n<p><\/p>\n\n\n\n<p><\/p>\n\n\n\n<h3 class=\"wp-block-heading\">&nbsp;<\/h3>\n\n\n\n<h3 class=\"wp-block-heading\">&nbsp;<\/h3>\n","protected":false},"excerpt":{"rendered":"<p>Unter dem Dach des Dienstleitungszentrums macht die Alraune gGmbH unterschiedliche Angebote, die sich an&nbsp;gemeinn\u00fctzige Einrichtungen oder an Steilshooper mit kleinem Geldbeutel&nbsp;richten. Unsere handwerklichen Helfer zum Beispiel verrichten Renovierungs- und Abrissarbeiten, Innenausbauten und Malerarbeiten bis hin zu Transporten oder Entr\u00fcmpelungen. Rufen Sie uns gerne an und wir besprechen , was wir\u2026<\/p>\n<p> <a class=\"continue-reading-link\" href=\"https:\/\/alraune-hamburg.de\/index.php\/projekte\/dienstleistungszentrum\/\"><span>Continue reading<\/span><i class=\"crycon-right-dir\"><\/i><\/a> <\/p>\n","protected":false},"author":1,"featured_media":0,"parent":70,"menu_order":0,"comment_status":"closed","ping_status":"closed","template":"","meta":{"footnotes":""},"class_list":["post-176","page","type-page","status-publish","hentry"],"_links":{"self":[{"href":"https:\/\/alraune-hamburg.de\/index.php\/wp-json\/wp\/v2\/pages\/176","targetHints":{"allow":["GET"]}}],"collection":[{"href":"https:\/\/alraune-hamburg.de\/index.php\/wp-json\/wp\/v2\/pages"}],"about":[{"href":"https:\/\/alraune-hamburg.de\/index.php\/wp-json\/wp\/v2\/types\/page"}],"author":[{"embeddable":true,"href":"https:\/\/alraune-hamburg.de\/index.php\/wp-json\/wp\/v2\/users\/1"}],"replies":[{"embeddable":true,"href":"https:\/\/alraune-hamburg.de\/index.php\/wp-json\/wp\/v2\/comments?post=176"}],"version-history":[{"count":11,"href":"https:\/\/alraune-hamburg.de\/index.php\/wp-json\/wp\/v2\/pages\/176\/revisions"}],"predecessor-version":[{"id":3052,"href":"https:\/\/alraune-hamburg.de\/index.php\/wp-json\/wp\/v2\/pages\/176\/revisions\/3052"}],"up":[{"embeddable":true,"href":"https:\/\/alraune-hamburg.de\/index.php\/wp-json\/wp\/v2\/pages\/70"}],"wp:attachment":[{"href":"https:\/\/alraune-hamburg.de\/index.php\/wp-json\/wp\/v2\/media?parent=176"}],"curies":[{"name":"wp","href":"https:\/\/api.w.org\/{rel}","templated":true}]}}