{"id":167,"date":"2018-05-31T11:45:33","date_gmt":"2018-05-31T09:45:33","guid":{"rendered":"https:\/\/alraune.bnb-infosec.com\/?page_id=167"},"modified":"2023-03-22T15:12:07","modified_gmt":"2023-03-22T14:12:07","slug":"tagwerker","status":"publish","type":"page","link":"https:\/\/alraune-hamburg.de\/index.php\/projekte\/tagwerker\/","title":{"rendered":"Tagwerker"},"content":{"rendered":"<p><img loading=\"lazy\" decoding=\"async\" class=\"alignleft wp-image-172 size-full\" src=\"https:\/\/alraune-hamburg.de\/wp-content\/uploads\/2018\/05\/headbild-betriebe.jpg\" alt=\"\" width=\"1003\" height=\"135\" srcset=\"https:\/\/alraune-hamburg.de\/wp-content\/uploads\/2018\/05\/headbild-betriebe.jpg 1003w, https:\/\/alraune-hamburg.de\/wp-content\/uploads\/2018\/05\/headbild-betriebe-300x40.jpg 300w, https:\/\/alraune-hamburg.de\/wp-content\/uploads\/2018\/05\/headbild-betriebe-768x103.jpg 768w, https:\/\/alraune-hamburg.de\/wp-content\/uploads\/2018\/05\/headbild-betriebe-150x20.jpg 150w\" sizes=\"auto, (max-width: 1003px) 100vw, 1003px\" \/><span style=\"font-size: 14pt;\">Werden Sie ein Tagwerker<\/span><\/p>\n<p style=\"text-align: justify;\">In unseren Projekten in Steilshoop und Bramfeld bieten wir Menschen in SGB II- oder Hartz IV-Bezug die M\u00f6glichkeit, Hilfe bei der Integration in den Arbeitsmarkt und eine anrechnungsfreie Aufwandsentsch\u00e4digung zu erhalten. F\u00fcr bis zu 12 Monate und 15 Stunden w\u00f6chentlich k\u00f6nnen Sie bei uns arbeiten und dabei, je nach geleisteten Arbeitsstunden, monatlich bis zu 99,20 Euro hinzuverdienen.<br \/>\nEin Einstieg ist jederzeit m\u00f6glich!<\/p>\n<div  class=\"lgc-column lgc-grid-parent lgc-grid-50 lgc-tablet-grid-50 lgc-mobile-grid-100 lgc-equal-heights \"><div  class=\"inside-grid-column\">\n<p align=\"LEFT\"><strong>Fahrradwerkstatt<\/strong><\/p>\n<ul>\n<li dir=\"LTR\">reparieren<\/li>\n<li dir=\"LTR\">restaurieren<\/li>\n<li dir=\"LTR\">alte Fahrr\u00e4dern aufbereiten<\/li>\n<li dir=\"LTR\">Hilfe zur Selbsthilfe rund ums Fahrrad<\/li>\n<\/ul>\n<p><\/p><\/div><\/div>\n<div  class=\"lgc-column lgc-grid-parent lgc-grid-50 lgc-tablet-grid-50 lgc-mobile-grid-100 lgc-equal-heights \"><div  class=\"inside-grid-column\">\n<p align=\"LEFT\"><strong>Dienstleistungszentrum<\/strong><\/p>\n<ul>\n<li dir=\"LTR\">renovieren<\/li>\n<li dir=\"LTR\">transportieren<\/li>\n<li dir=\"LTR\">malern<\/li>\n<li dir=\"LTR\">neue handwerklichen Arbeiten und Werkzeuge ausprobieren<\/li>\n<li dir=\"LTR\">unseren <strong>Verkehrs\u00fcbungsplatz<\/strong>\u00a0mitgestalten<\/li>\n<\/ul>\n<p><\/p><\/div><\/div>\n<div  class=\"lgc-column lgc-grid-parent lgc-grid-50 lgc-tablet-grid-50 lgc-mobile-grid-100 lgc-equal-heights \"><div  class=\"inside-grid-column\">\n<p dir=\"LTR\" align=\"LEFT\"><strong>JETZT Kultur-Bistro<\/strong><\/p>\n<ul>\n<li dir=\"LTR\">vorbereiten<\/li>\n<li dir=\"LTR\">kochen<\/li>\n<li dir=\"LTR\">servieren<\/li>\n<li dir=\"LTR\">in K\u00fcche &amp; Service in den Angeboten der Steilshooper Quartiersgastronomie mitarbeiten<\/li>\n<\/ul>\n<p><\/p><\/div><\/div>\n<div  class=\"lgc-column lgc-grid-parent lgc-grid-50 lgc-tablet-grid-50 lgc-mobile-grid-100 lgc-equal-heights \"><div  class=\"inside-grid-column\">\n<p align=\"LEFT\"><strong>Wen wir suchen<\/strong><\/p>\n<ul>\n<li>Sie sind im Arbeitslosengeld II bzw. Hartz IV &#8211; Bezug oder<\/li>\n<li>Sie sind in der Grundsicherung \/\u00ad\u00ad Sozialhilfe<\/li>\n<li>Sie m\u00f6chten gern in einem Projekt mitarbeiten<\/li>\n<li>Ihren M\u00f6glichkeiten entsprechend m\u00f6chten Sie<br \/>\nIhre St\u00e4rken &amp; Vorerfahrungen einbringen und anwenden<\/li>\n<\/ul>\n<p><\/p><\/div><\/div>\n<div  class=\"lgc-column lgc-grid-parent lgc-grid-50 lgc-tablet-grid-50 lgc-mobile-grid-100 lgc-equal-heights \"><div  class=\"inside-grid-column\">\n<p dir=\"LTR\" style=\"text-align: left;\" align=\"CENTER\"><strong>UNSER ANGEBOT<br \/>\n<\/strong><\/p>\n<ul>\n<li dir=\"LTR\">maximal 15 Stunden in der Woche<br \/>\nin einem\u00a0der oben genannten Projekte mitarbeiten<\/li>\n<li dir=\"LTR\">bei flexibler Zeiteinteilung<\/li>\n<li dir=\"LTR\">Sie erhalten f\u00fcr Ihre Arbeit anrechnungsfrei 1,60 EUR die Stunde<\/li>\n<li dir=\"LTR\">eine Zuweisung durch das jobcenter ist nicht erforderlich !<\/li>\n<\/ul>\n<p><\/p><\/div><\/div>\n","protected":false},"excerpt":{"rendered":"<p>Werden Sie ein Tagwerker In unseren Projekten in Steilshoop und Bramfeld bieten wir Menschen in SGB II- oder Hartz IV-Bezug die M\u00f6glichkeit, Hilfe bei der Integration in den Arbeitsmarkt und eine anrechnungsfreie Aufwandsentsch\u00e4digung zu erhalten. F\u00fcr bis zu 12 Monate und 15 Stunden w\u00f6chentlich k\u00f6nnen Sie bei uns arbeiten und\u2026<\/p>\n<p> <a class=\"continue-reading-link\" href=\"https:\/\/alraune-hamburg.de\/index.php\/projekte\/tagwerker\/\"><span>Continue reading<\/span><i class=\"crycon-right-dir\"><\/i><\/a> <\/p>\n","protected":false},"author":1,"featured_media":0,"parent":70,"menu_order":0,"comment_status":"closed","ping_status":"closed","template":"","meta":{"footnotes":""},"class_list":["post-167","page","type-page","status-publish","hentry"],"_links":{"self":[{"href":"https:\/\/alraune-hamburg.de\/index.php\/wp-json\/wp\/v2\/pages\/167","targetHints":{"allow":["GET"]}}],"collection":[{"href":"https:\/\/alraune-hamburg.de\/index.php\/wp-json\/wp\/v2\/pages"}],"about":[{"href":"https:\/\/alraune-hamburg.de\/index.php\/wp-json\/wp\/v2\/types\/page"}],"author":[{"embeddable":true,"href":"https:\/\/alraune-hamburg.de\/index.php\/wp-json\/wp\/v2\/users\/1"}],"replies":[{"embeddable":true,"href":"https:\/\/alraune-hamburg.de\/index.php\/wp-json\/wp\/v2\/comments?post=167"}],"version-history":[{"count":11,"href":"https:\/\/alraune-hamburg.de\/index.php\/wp-json\/wp\/v2\/pages\/167\/revisions"}],"predecessor-version":[{"id":558,"href":"https:\/\/alraune-hamburg.de\/index.php\/wp-json\/wp\/v2\/pages\/167\/revisions\/558"}],"up":[{"embeddable":true,"href":"https:\/\/alraune-hamburg.de\/index.php\/wp-json\/wp\/v2\/pages\/70"}],"wp:attachment":[{"href":"https:\/\/alraune-hamburg.de\/index.php\/wp-json\/wp\/v2\/media?parent=167"}],"curies":[{"name":"wp","href":"https:\/\/api.w.org\/{rel}","templated":true}]}}