{"id":159,"date":"2018-05-31T11:09:52","date_gmt":"2018-05-31T09:09:52","guid":{"rendered":"https:\/\/alraune.bnb-infosec.com\/?page_id=159"},"modified":"2018-06-04T21:55:56","modified_gmt":"2018-06-04T19:55:56","slug":"mensamax-hilfe","status":"publish","type":"page","link":"https:\/\/alraune-hamburg.de\/index.php\/schulgastronomie\/mensamax-hilfe\/","title":{"rendered":"Mensamax Hilfe"},"content":{"rendered":"<p style=\"text-align: justify;\">Um ihnen den Einstig in Mesamax zu erleichtern haben wir ein Video erstellt das Schritt f\u00fcr Schritt zeigt wie sie in MensaMax ein Kundenkonto f\u00fcr ihr Kind erstellen k\u00f6nnen.<\/p>\n<div style=\"width: 640px;\" class=\"wp-video\"><video class=\"wp-video-shortcode\" id=\"video-159-1\" width=\"640\" height=\"360\" preload=\"auto\" controls=\"controls\"><source type=\"video\/mp4\" src=\"https:\/\/alraune-hamburg.de\/wp-content\/uploads\/2018\/05\/MensaMax-Neues-Kundenkonto-IX7BVK1Srfw-1080.mp4?_=1\" \/><a href=\"https:\/\/alraune-hamburg.de\/wp-content\/uploads\/2018\/05\/MensaMax-Neues-Kundenkonto-IX7BVK1Srfw-1080.mp4\">https:\/\/alraune-hamburg.de\/wp-content\/uploads\/2018\/05\/MensaMax-Neues-Kundenkonto-IX7BVK1Srfw-1080.mp4<\/a><\/video><\/div>\n<p>&nbsp;<\/p>\n","protected":false},"excerpt":{"rendered":"<p>Um ihnen den Einstig in Mesamax zu erleichtern haben wir ein Video erstellt das Schritt f\u00fcr Schritt zeigt wie sie in MensaMax ein Kundenkonto f\u00fcr ihr Kind erstellen k\u00f6nnen. &nbsp;<\/p>\n<p> <a class=\"continue-reading-link\" href=\"https:\/\/alraune-hamburg.de\/index.php\/schulgastronomie\/mensamax-hilfe\/\"><span>Continue reading<\/span><i class=\"crycon-right-dir\"><\/i><\/a> <\/p>\n","protected":false},"author":1,"featured_media":0,"parent":24,"menu_order":0,"comment_status":"closed","ping_status":"closed","template":"","meta":{"footnotes":""},"class_list":["post-159","page","type-page","status-publish","hentry"],"_links":{"self":[{"href":"https:\/\/alraune-hamburg.de\/index.php\/wp-json\/wp\/v2\/pages\/159","targetHints":{"allow":["GET"]}}],"collection":[{"href":"https:\/\/alraune-hamburg.de\/index.php\/wp-json\/wp\/v2\/pages"}],"about":[{"href":"https:\/\/alraune-hamburg.de\/index.php\/wp-json\/wp\/v2\/types\/page"}],"author":[{"embeddable":true,"href":"https:\/\/alraune-hamburg.de\/index.php\/wp-json\/wp\/v2\/users\/1"}],"replies":[{"embeddable":true,"href":"https:\/\/alraune-hamburg.de\/index.php\/wp-json\/wp\/v2\/comments?post=159"}],"version-history":[{"count":10,"href":"https:\/\/alraune-hamburg.de\/index.php\/wp-json\/wp\/v2\/pages\/159\/revisions"}],"predecessor-version":[{"id":547,"href":"https:\/\/alraune-hamburg.de\/index.php\/wp-json\/wp\/v2\/pages\/159\/revisions\/547"}],"up":[{"embeddable":true,"href":"https:\/\/alraune-hamburg.de\/index.php\/wp-json\/wp\/v2\/pages\/24"}],"wp:attachment":[{"href":"https:\/\/alraune-hamburg.de\/index.php\/wp-json\/wp\/v2\/media?parent=159"}],"curies":[{"name":"wp","href":"https:\/\/api.w.org\/{rel}","templated":true}]}}